{"id":10,"date":"2019-05-07T10:47:47","date_gmt":"2019-05-07T10:47:47","guid":{"rendered":"http:\/\/www.tyovaenperinne.fi\/tyovaentutkimus\/?page_id=10"},"modified":"2020-04-07T05:45:12","modified_gmt":"2020-04-07T05:45:12","slug":"kirjoitusohjeet","status":"publish","type":"page","link":"https:\/\/www.tyovaenperinne.fi\/tyovaentutkimus\/kirjoitusohjeet\/","title":{"rendered":"Artikkelien kirjoitusohjeet"},"content":{"rendered":"\n<h4 class=\"wp-block-heading\">(p\u00e4ivitetty 7.6.2020) <\/h4>\n\n\n\n<p>Ty\u00f6v\u00e4entutkimus Vuosikirjaan voi tarjota julkaistavaksi ty\u00f6v\u00e4est\u00f6\u00f6n tai ty\u00f6el\u00e4m\u00e4\u00e4n liittyvi\u00e4 tieteellisi\u00e4 artikkeleita.  Artikkeleita voi tarjota julkaistavaksi vertaisarvioituna tai ilman vertaisarviointia. Artikkelien pituudet sovitaan erikseen Ty\u00f6v\u00e4entutkimus Vuosikirjan toimituksen kanssa.<\/p>\n\n\n\n<p><\/p>\n\n\n\n<p>Ty\u00f6v\u00e4entutkimus Vuosikirjan kirjoitusohjeet l\u00f6ytyv\u00e4t osoitteesta: <a href=\"https:\/\/journal.fi\/tyovaentutkimus\/about\/submissions\">https:\/\/journal.fi\/tyovaentutkimus\/about\/submissions<\/a>.<\/p>\n\n\n\n<hr class=\"wp-block-separator is-style-wide\"\/>\n\n\n\n<h4 class=\"wp-block-heading\"><strong>Lis\u00e4tietoja<\/strong><\/h4>\n\n\n\n<p>toimitussihteeri Alpo V\u00e4kev\u00e4 (alpo.vakeva@tyovaenperinne.fi) tai p\u00e4\u00e4toimittaja Erkki Vasara (erkki.vasara@helsinki.fi)\n\n<\/p>\n\n\n\n<hr class=\"wp-block-separator\"\/>\n\n\n\n<h4 class=\"wp-block-heading\" id=\"ohje8\"><strong>Vertaisarviointitunnus<\/strong><\/h4>\n\n\n\n<figure class=\"wp-block-image\"><a href=\"https:\/\/www.tsv.fi\/tunnus\"><img loading=\"lazy\" decoding=\"async\" width=\"230\" height=\"72\" src=\"https:\/\/www.tyovaenperinne.fi\/tyovaentutkimus\/wp-content\/uploads\/2019\/05\/va_tunnus_2.png\" alt=\"TSV:n vertaisarviointitunnus\" class=\"wp-image-148\"\/><\/a><\/figure>\n\n\n\n<p>Ty\u00f6v\u00e4entutkimus on ottanut k\u00e4ytt\u00f6\u00f6n 23.5.2016 Tieteellisten \nseurain valtuuskunnan vertaisarviointitunnuksen ja sitoutunut \nnoudattamaan sen k\u00e4yt\u00f6lle asetettuja ehtoja (ks. <a>https:\/\/www.tsv.fi\/tunnus<\/a>).\n<\/p>\n\n\n\n<p>Vertaisarvioitavien artikkelien julkaisemisessa noudatetaan referee-menettely\u00e4. Vertaisarvioitavat artikkelit l\u00e4hetet\u00e4\u00e4n vertaisarvioitavaksi v\u00e4hint\u00e4\u00e4n kahdelle lausunnonantajalle. Lausunnonantajille ei kerrota artikkelin kirjoittajan henkil\u00f6llisyytt\u00e4  eik\u00e4 kirjoittajalle lausunnonantajien henkil\u00f6llisyyksi\u00e4. My\u00f6sk\u00e4\u00e4n lausunnonantajille ei kerrota toistensa henkil\u00f6llisyyksi\u00e4. <\/p>\n\n\n\n<p>Lausunnonantajilta pyydet\u00e4\u00e4n vapaamuotoinen lausunto, joka toimitetaan kirjoittajalle. Arvioitsija voi suosittaa lausunnossaan,  ett\u00e4 artikkeli julkaistaan sellaisenaan, ehdotetuin muutoksin tai  j\u00e4tet\u00e4\u00e4n julkaisematta. Kirjoittajan edellytet\u00e4\u00e4n muokkaavan  artikkeliaan saamiensa lausuntojen mukaisesti. Kirjoittaja l\u00e4hett\u00e4\u00e4 muokatun version artikkelistaan Ty\u00f6v\u00e4entutkimus-vuosikirjan toimitukselle ja lis\u00e4\u00e4 mukaan saatteen, jossa h\u00e4n kertoo, miten h\u00e4n on  ottanut lausunnot huomioon. Tavoiteaika referee-menettelylle on 4 viikkoa.<\/p>\n\n\n\n<p>Lopullisen julkaisup\u00e4\u00e4t\u00f6ksen tekee Ty\u00f6v\u00e4entutkimus-vuosikirjan toimitus. Toimitus voi esitt\u00e4\u00e4 kirjoittajalle my\u00f6s lis\u00e4\u00e4 muutosohjeita. <\/p>\n","protected":false},"excerpt":{"rendered":"<p>(p\u00e4ivitetty 7.6.2020) Ty\u00f6v\u00e4entutkimus Vuosikirjaan voi tarjota julkaistavaksi ty\u00f6v\u00e4est\u00f6\u00f6n tai ty\u00f6el\u00e4m\u00e4\u00e4n liittyvi\u00e4 tieteellisi\u00e4 artikkeleita. Artikkeleita voi tarjota julkaistavaksi vertaisarvioituna tai ilman vertaisarviointia. Artikkelien pituudet sovitaan erikseen Ty\u00f6v\u00e4entutkimus Vuosikirjan toimituksen kanssa. Ty\u00f6v\u00e4entutkimus Vuosikirjan kirjoitusohjeet l\u00f6ytyv\u00e4t osoitteesta: https:\/\/journal.fi\/tyovaentutkimus\/about\/submissions. Lis\u00e4tietoja toimitussihteeri Alpo V\u00e4kev\u00e4 (alpo.vakeva@tyovaenperinne.fi) tai p\u00e4\u00e4toimittaja Erkki Vasara (erkki.vasara@helsinki.fi) Vertaisarviointitunnus Ty\u00f6v\u00e4entutkimus on ottanut k\u00e4ytt\u00f6\u00f6n 23.5.2016 Tieteellisten seurain valtuuskunnan vertaisarviointitunnuksen &#8230; <a title=\"Artikkelien kirjoitusohjeet\" class=\"read-more\" href=\"https:\/\/www.tyovaenperinne.fi\/tyovaentutkimus\/kirjoitusohjeet\/\" aria-label=\"Lue lis\u00e4\u00e4 aiheesta Artikkelien kirjoitusohjeet\">Lue lis\u00e4\u00e4<\/a><\/p>\n","protected":false},"author":1,"featured_media":0,"parent":0,"menu_order":0,"comment_status":"closed","ping_status":"closed","template":"","meta":{"footnotes":""},"class_list":["post-10","page","type-page","status-publish"],"_links":{"self":[{"href":"https:\/\/www.tyovaenperinne.fi\/tyovaentutkimus\/wp-json\/wp\/v2\/pages\/10","targetHints":{"allow":["GET"]}}],"collection":[{"href":"https:\/\/www.tyovaenperinne.fi\/tyovaentutkimus\/wp-json\/wp\/v2\/pages"}],"about":[{"href":"https:\/\/www.tyovaenperinne.fi\/tyovaentutkimus\/wp-json\/wp\/v2\/types\/page"}],"author":[{"embeddable":true,"href":"https:\/\/www.tyovaenperinne.fi\/tyovaentutkimus\/wp-json\/wp\/v2\/users\/1"}],"replies":[{"embeddable":true,"href":"https:\/\/www.tyovaenperinne.fi\/tyovaentutkimus\/wp-json\/wp\/v2\/comments?post=10"}],"version-history":[{"count":16,"href":"https:\/\/www.tyovaenperinne.fi\/tyovaentutkimus\/wp-json\/wp\/v2\/pages\/10\/revisions"}],"predecessor-version":[{"id":377,"href":"https:\/\/www.tyovaenperinne.fi\/tyovaentutkimus\/wp-json\/wp\/v2\/pages\/10\/revisions\/377"}],"wp:attachment":[{"href":"https:\/\/www.tyovaenperinne.fi\/tyovaentutkimus\/wp-json\/wp\/v2\/media?parent=10"}],"curies":[{"name":"wp","href":"https:\/\/api.w.org\/{rel}","templated":true}]}}