{"id":100,"date":"2019-05-07T12:57:38","date_gmt":"2019-05-07T12:57:38","guid":{"rendered":"http:\/\/www.tyovaenperinne.fi\/tyovaentutkimus\/?page_id=100"},"modified":"2026-03-10T11:23:46","modified_gmt":"2026-03-10T11:23:46","slug":"toimitus","status":"publish","type":"page","link":"https:\/\/www.tyovaenperinne.fi\/tyovaentutkimus\/toimitus\/","title":{"rendered":"Toimitus"},"content":{"rendered":"\n<p><strong>toimituskunta:<\/strong><\/p>\n\n\n\n<p>p\u00e4\u00e4toimittaja: Erkki Vasara, VTT, dosentti, Helsingin yliopisto<\/p>\n\n\n\n<p>toimitussihteeri: Alpo V\u00e4kev\u00e4, FT; tietoasiantuntija, Ty\u00f6v\u00e4enliikkeen kirjasto (Ty\u00f6v\u00e4enperinne ry:n edustaja toimituskunnassa)<\/p>\n\n\n\n<p><strong>muut toimituskunnan j\u00e4senet:<\/strong><\/p>\n\n\n\n<p>Hannu Itkonen, professori emeritus, Jyv\u00e4skyl\u00e4n yliopisto<\/p>\n\n\n\n<p>Mikko Kosunen, FM, erikoistutkija (Ty\u00f6v\u00e4en Arkiston edustaja toimituskunnassa)<\/p>\n\n\n\n<p>Tiina Lintunen, dosentti, yliopistonlehtori, Turun yliopisto<\/p>\n\n\n\n<p>Pete Pesonen, FT, Turun yliopisto (Ty\u00f6v\u00e4en historian ja perinteen tutkimuksen seuran edustaja toimituskunnassa)<\/p>\n\n\n\n<p>Tuija Siimes, VTM, kirjastonjohtaja, Ty\u00f6v\u00e4enliikkeen kirjasto (Ty\u00f6v\u00e4enperinne ry:n edustaja toimituskunnassa)<\/p>\n\n\n\n<p>Henri Sundholm, tutkija (Kansan Arkiston edustaja toimituskunnassa)<\/p>\n\n\n\n<p>Marita Viinam\u00e4ki, FM, tutkija (Ty\u00f6v\u00e4enmuseo Werstaan edustaja toimituskunnassa)<\/p>\n\n\n\n<p><strong>Kustantaja<\/strong> <br>Ty\u00f6v\u00e4enperinne ry <br><br><strong>Julkaisijat<\/strong><br>Ty\u00f6v\u00e4enperinne ry\/Ty\u00f6v\u00e4enliikkeen  kirjasto, Kansan  Arkisto, Ty\u00f6v\u00e4en Arkisto, Ty\u00f6v\u00e4enmuseo Werstas, Ty\u00f6v\u00e4en historian ja perinteen tutkimuksen seura. <\/p>\n","protected":false},"excerpt":{"rendered":"<p>toimituskunta: p\u00e4\u00e4toimittaja: Erkki Vasara, VTT, dosentti, Helsingin yliopisto toimitussihteeri: Alpo V\u00e4kev\u00e4, FT; tietoasiantuntija, Ty\u00f6v\u00e4enliikkeen kirjasto (Ty\u00f6v\u00e4enperinne ry:n edustaja toimituskunnassa) muut toimituskunnan j\u00e4senet: Hannu Itkonen, professori emeritus, Jyv\u00e4skyl\u00e4n yliopisto Mikko Kosunen, FM, erikoistutkija (Ty\u00f6v\u00e4en Arkiston edustaja toimituskunnassa) Tiina Lintunen, dosentti, yliopistonlehtori, Turun yliopisto Pete Pesonen, FT, Turun yliopisto (Ty\u00f6v\u00e4en historian ja perinteen tutkimuksen seuran edustaja toimituskunnassa) &#8230; <a title=\"Toimitus\" class=\"read-more\" href=\"https:\/\/www.tyovaenperinne.fi\/tyovaentutkimus\/toimitus\/\" aria-label=\"Lue lis\u00e4\u00e4 aiheesta Toimitus\">Lue lis\u00e4\u00e4<\/a><\/p>\n","protected":false},"author":1,"featured_media":0,"parent":0,"menu_order":0,"comment_status":"closed","ping_status":"closed","template":"","meta":{"footnotes":""},"class_list":["post-100","page","type-page","status-publish"],"_links":{"self":[{"href":"https:\/\/www.tyovaenperinne.fi\/tyovaentutkimus\/wp-json\/wp\/v2\/pages\/100","targetHints":{"allow":["GET"]}}],"collection":[{"href":"https:\/\/www.tyovaenperinne.fi\/tyovaentutkimus\/wp-json\/wp\/v2\/pages"}],"about":[{"href":"https:\/\/www.tyovaenperinne.fi\/tyovaentutkimus\/wp-json\/wp\/v2\/types\/page"}],"author":[{"embeddable":true,"href":"https:\/\/www.tyovaenperinne.fi\/tyovaentutkimus\/wp-json\/wp\/v2\/users\/1"}],"replies":[{"embeddable":true,"href":"https:\/\/www.tyovaenperinne.fi\/tyovaentutkimus\/wp-json\/wp\/v2\/comments?post=100"}],"version-history":[{"count":10,"href":"https:\/\/www.tyovaenperinne.fi\/tyovaentutkimus\/wp-json\/wp\/v2\/pages\/100\/revisions"}],"predecessor-version":[{"id":576,"href":"https:\/\/www.tyovaenperinne.fi\/tyovaentutkimus\/wp-json\/wp\/v2\/pages\/100\/revisions\/576"}],"wp:attachment":[{"href":"https:\/\/www.tyovaenperinne.fi\/tyovaentutkimus\/wp-json\/wp\/v2\/media?parent=100"}],"curies":[{"name":"wp","href":"https:\/\/api.w.org\/{rel}","templated":true}]}}