{"id":14,"date":"2019-05-07T10:56:20","date_gmt":"2019-05-07T10:56:20","guid":{"rendered":"http:\/\/www.tyovaenperinne.fi\/tyovaentutkimus\/?page_id=14"},"modified":"2021-10-01T12:56:34","modified_gmt":"2021-10-01T12:56:34","slug":"mediakortti","status":"publish","type":"page","link":"https:\/\/www.tyovaenperinne.fi\/tyovaentutkimus\/mediakortti\/","title":{"rendered":"Mediakortti"},"content":{"rendered":"\n<p>Ty\u00f6v\u00e4entutkimus Vuosikirja on ty\u00f6v\u00e4est\u00f6\u00e4 ja yhteiskunnallisia aiheita k\u00e4sittelev\u00e4  tieteellinen julkaisu, joka sis\u00e4lt\u00e4\u00e4 muun muassa artikkeleita, mielipidekirjoituksia, opinn\u00e4yte-esittelyj\u00e4 ja kirja-arvioita. Julkaisulla on k\u00e4yt\u00f6ss\u00e4 Suomen tieteellisten seurain valtuuskunnan  vertaisarviointitunnus, ja Julkaisufoorumi-luokituksessa (Jufo) se on  tasolla 1. <\/p>\n\n\n\n<p><strong>TARJOA ARTIKKELIA JULKAISTAVAKSI<\/strong><br>Ty\u00f6v\u00e4entutkimus Vuosikirjaan voi tarjota julkaistavaksi ty\u00f6v\u00e4est\u00f6\u00f6n tai ty\u00f6el\u00e4m\u00e4\u00e4n liittyvi\u00e4 tieteellisi\u00e4 artikkeleita tai muita kirjoituksia. <strong><a href=\"http:\/\/www.tyovaenperinne.fi\/tyovaentutkimus\/kirjoitusohjeet\/\">Ohjeet kirjoittajalle.<\/a><\/strong><\/p>\n\n\n\n<p><strong>TILAA TY\u00d6V\u00c4ENTUTKIMUS<br>Tilaukset: s\u00e4hk\u00f6postitse perinne@tyovaenperinne.fi tai <a href=\"https:\/\/www.kulttilehdet.fi\/tyovaentutkimus-vuosikirja\/tilaa-tyovaentutkimus-vuosikirja\">Kultin tilauslomakkeella.<\/a><\/strong><br>Tilaamalla Ty\u00f6v\u00e4entutkimus Vuosikirjan kestotilauksena varmistat, ett\u00e4  voit tutustua ajankohtaiseen ty\u00f6v\u00e4entutkimukseen ja saat tuoreen numeron  postitse joka vuosi. Ilmoita tilatessa seuraavat tiedot: tilaaja,  postiosoite, laskutusosoite (my\u00f6s s\u00e4hk\u00f6posti tai verkkolaskuosoite),  jatkotilaus vai yksitt\u00e4inen vuosikerta. <br><br>Tilaamalla annat valtuudet tallentaa tilaajan tiedot  tilausrekisteriimme, jota k\u00e4ytet\u00e4\u00e4n tilausten hallinnointiin,  vuosikirjan postitukseen ja laskutukseen. Postitusta ja laskutusta  varten tilaustiedot v\u00e4litet\u00e4\u00e4n painolaitokseen ja tilitoimistoon.  Tietoja ei luovuteta muualle. <\/p>\n\n\n\n<p><strong>ILMOITUKSET JA TUKIOSTOTILAUKSET<\/strong><br>N\u00e4y valtakunnallisesti ilmoittamalla Ty\u00f6v\u00e4entutkimus Vuosikirjassa tai tilaa vuosikirjaa nippuostona organisaatiosi j\u00e4senille tai ty\u00f6yhteis\u00f6\u00f6si! <\/p>\n\n\n\n<p><strong>ISSN<\/strong>: 0784-1272 (Painettu)<strong>, <\/strong>1459-7780 (Verkkojulkaisu)<br><strong>Julkaisutiheys<\/strong> Ilmestyy kerran vuodessa<\/p>\n\n\n\n<figure class=\"wp-block-image\"><a href=\"https:\/\/www.tsv.fi\/tunnus\"><img loading=\"lazy\" decoding=\"async\" width=\"230\" height=\"72\" src=\"https:\/\/www.tyovaenperinne.fi\/tyovaentutkimus\/wp-content\/uploads\/2019\/05\/va_tunnus_2.png\" alt=\"TSV:n vertaisarviointitunnus\" class=\"wp-image-148\"\/><\/a><\/figure>\n\n\n\n<p><strong>P\u00e4\u00e4toimittaja<\/strong> Erkki Vasara<br><strong>Toimitussihteeri<\/strong> Alpo V\u00e4kev\u00e4, alpo.vakeva@tyovaenperinne.fi <br><strong>Kustantaja<\/strong> Ty\u00f6v\u00e4enperinne ry <br><strong>Julkaisijat<\/strong> Ty\u00f6v\u00e4enperinne ry\/Ty\u00f6v\u00e4enliikkeen kirjasto, Kansan  Arkisto, Ty\u00f6v\u00e4en Arkisto, Ty\u00f6v\u00e4enmuseo Werstas, Ty\u00f6v\u00e4en historian ja perinteen tutkimuksen seura<\/p>\n","protected":false},"excerpt":{"rendered":"<p>Ty\u00f6v\u00e4entutkimus Vuosikirja on ty\u00f6v\u00e4est\u00f6\u00e4 ja yhteiskunnallisia aiheita k\u00e4sittelev\u00e4 tieteellinen julkaisu, joka sis\u00e4lt\u00e4\u00e4 muun muassa artikkeleita, mielipidekirjoituksia, opinn\u00e4yte-esittelyj\u00e4 ja kirja-arvioita. Julkaisulla on k\u00e4yt\u00f6ss\u00e4 Suomen tieteellisten seurain valtuuskunnan vertaisarviointitunnus, ja Julkaisufoorumi-luokituksessa (Jufo) se on tasolla 1. TARJOA ARTIKKELIA JULKAISTAVAKSITy\u00f6v\u00e4entutkimus Vuosikirjaan voi tarjota julkaistavaksi ty\u00f6v\u00e4est\u00f6\u00f6n tai ty\u00f6el\u00e4m\u00e4\u00e4n liittyvi\u00e4 tieteellisi\u00e4 artikkeleita tai muita kirjoituksia. Ohjeet kirjoittajalle. TILAA TY\u00d6V\u00c4ENTUTKIMUSTilaukset: s\u00e4hk\u00f6postitse &#8230; <a title=\"Mediakortti\" class=\"read-more\" href=\"https:\/\/www.tyovaenperinne.fi\/tyovaentutkimus\/mediakortti\/\" aria-label=\"Lue lis\u00e4\u00e4 aiheesta Mediakortti\">Lue lis\u00e4\u00e4<\/a><\/p>\n","protected":false},"author":1,"featured_media":0,"parent":0,"menu_order":0,"comment_status":"closed","ping_status":"closed","template":"","meta":{"footnotes":""},"class_list":["post-14","page","type-page","status-publish"],"_links":{"self":[{"href":"https:\/\/www.tyovaenperinne.fi\/tyovaentutkimus\/wp-json\/wp\/v2\/pages\/14","targetHints":{"allow":["GET"]}}],"collection":[{"href":"https:\/\/www.tyovaenperinne.fi\/tyovaentutkimus\/wp-json\/wp\/v2\/pages"}],"about":[{"href":"https:\/\/www.tyovaenperinne.fi\/tyovaentutkimus\/wp-json\/wp\/v2\/types\/page"}],"author":[{"embeddable":true,"href":"https:\/\/www.tyovaenperinne.fi\/tyovaentutkimus\/wp-json\/wp\/v2\/users\/1"}],"replies":[{"embeddable":true,"href":"https:\/\/www.tyovaenperinne.fi\/tyovaentutkimus\/wp-json\/wp\/v2\/comments?post=14"}],"version-history":[{"count":8,"href":"https:\/\/www.tyovaenperinne.fi\/tyovaentutkimus\/wp-json\/wp\/v2\/pages\/14\/revisions"}],"predecessor-version":[{"id":478,"href":"https:\/\/www.tyovaenperinne.fi\/tyovaentutkimus\/wp-json\/wp\/v2\/pages\/14\/revisions\/478"}],"wp:attachment":[{"href":"https:\/\/www.tyovaenperinne.fi\/tyovaentutkimus\/wp-json\/wp\/v2\/media?parent=14"}],"curies":[{"name":"wp","href":"https:\/\/api.w.org\/{rel}","templated":true}]}}