{"id":65,"date":"2019-05-07T11:28:52","date_gmt":"2019-05-07T11:28:52","guid":{"rendered":"http:\/\/www.tyovaenperinne.fi\/tyovaentutkimus\/?page_id=65"},"modified":"2024-08-13T11:00:51","modified_gmt":"2024-08-13T11:00:51","slug":"tilaaminen","status":"publish","type":"page","link":"https:\/\/www.tyovaenperinne.fi\/tyovaentutkimus\/tilaaminen\/","title":{"rendered":"Tilaaminen"},"content":{"rendered":"\n<p class=\"has-medium-font-size\"><strong>Tilaukset<\/strong> <br>s\u00e4hk\u00f6postitse <strong>perinne@tyovaenperinne.fi<\/strong> tai verkossa <a href=\"https:\/\/www.kulttilehdet.fi\/tyovaentutkimus-vuosikirja\/tilaa-tyovaentutkimus-vuosikirja\"><strong>Kultin tilauslomakkeella<\/strong><\/a><\/p>\n\n\n\n<p class=\"has-medium-font-size\">Tilaamalla Ty\u00f6v\u00e4entutkimuksen kestotilauksena varmistat, ett\u00e4 voit tutustua ajankohtaiseen ty\u00f6v\u00e4entutkimukseen ja saat tuoreen numeron postitse joka vuosi. Ty\u00f6v\u00e4entutkimusta myyd\u00e4\u00e4n my\u00f6s painettuna ty\u00f6v\u00e4en perinnelaitoksissa. Painetun Ty\u00f6v\u00e4entutkimuksen hinta on 25\u20ac.<\/p>\n\n\n\n<p class=\"has-medium-font-size\"><strong>Ilmoita tilatessa seuraavat tiedot: tilaaja, postiosoite, laskutusosoite (my\u00f6s s\u00e4hk\u00f6posti- tai verkkolaskuosoite),  jatkotilaus vai yksitt\u00e4inen vuosikerta.<\/strong> Tilaamalla annat valtuudet tallentaa tilaajan tiedot tilausrekisteriimme, jota k\u00e4ytet\u00e4\u00e4n tilausten hallinnointiin, vuosikirjan postitukseen ja laskutukseen. Postitusta ja laskutusta varten tilaustiedot v\u00e4litet\u00e4\u00e4n painolaitokseen ja tilitoimistoon. Tietoja ei luovuteta muualle. <\/p>\n","protected":false},"excerpt":{"rendered":"<p>Tilaukset s\u00e4hk\u00f6postitse perinne@tyovaenperinne.fi tai verkossa Kultin tilauslomakkeella Tilaamalla Ty\u00f6v\u00e4entutkimuksen kestotilauksena varmistat, ett\u00e4 voit tutustua ajankohtaiseen ty\u00f6v\u00e4entutkimukseen ja saat tuoreen numeron postitse joka vuosi. Ty\u00f6v\u00e4entutkimusta myyd\u00e4\u00e4n my\u00f6s painettuna ty\u00f6v\u00e4en perinnelaitoksissa. Painetun Ty\u00f6v\u00e4entutkimuksen hinta on 25\u20ac. Ilmoita tilatessa seuraavat tiedot: tilaaja, postiosoite, laskutusosoite (my\u00f6s s\u00e4hk\u00f6posti- tai verkkolaskuosoite), jatkotilaus vai yksitt\u00e4inen vuosikerta. Tilaamalla annat valtuudet tallentaa tilaajan tiedot &#8230; <a title=\"Tilaaminen\" class=\"read-more\" href=\"https:\/\/www.tyovaenperinne.fi\/tyovaentutkimus\/tilaaminen\/\" aria-label=\"Lue lis\u00e4\u00e4 aiheesta Tilaaminen\">Lue lis\u00e4\u00e4<\/a><\/p>\n","protected":false},"author":1,"featured_media":0,"parent":0,"menu_order":0,"comment_status":"closed","ping_status":"closed","template":"","meta":{"footnotes":""},"class_list":["post-65","page","type-page","status-publish"],"_links":{"self":[{"href":"https:\/\/www.tyovaenperinne.fi\/tyovaentutkimus\/wp-json\/wp\/v2\/pages\/65","targetHints":{"allow":["GET"]}}],"collection":[{"href":"https:\/\/www.tyovaenperinne.fi\/tyovaentutkimus\/wp-json\/wp\/v2\/pages"}],"about":[{"href":"https:\/\/www.tyovaenperinne.fi\/tyovaentutkimus\/wp-json\/wp\/v2\/types\/page"}],"author":[{"embeddable":true,"href":"https:\/\/www.tyovaenperinne.fi\/tyovaentutkimus\/wp-json\/wp\/v2\/users\/1"}],"replies":[{"embeddable":true,"href":"https:\/\/www.tyovaenperinne.fi\/tyovaentutkimus\/wp-json\/wp\/v2\/comments?post=65"}],"version-history":[{"count":15,"href":"https:\/\/www.tyovaenperinne.fi\/tyovaentutkimus\/wp-json\/wp\/v2\/pages\/65\/revisions"}],"predecessor-version":[{"id":560,"href":"https:\/\/www.tyovaenperinne.fi\/tyovaentutkimus\/wp-json\/wp\/v2\/pages\/65\/revisions\/560"}],"wp:attachment":[{"href":"https:\/\/www.tyovaenperinne.fi\/tyovaentutkimus\/wp-json\/wp\/v2\/media?parent=65"}],"curies":[{"name":"wp","href":"https:\/\/api.w.org\/{rel}","templated":true}]}}