{"id":69,"date":"2019-05-07T11:37:33","date_gmt":"2019-05-07T11:37:33","guid":{"rendered":"http:\/\/www.tyovaenperinne.fi\/tyovaentutkimus\/?page_id=69"},"modified":"2024-08-13T11:05:41","modified_gmt":"2024-08-13T11:05:41","slug":"esittely","status":"publish","type":"page","link":"https:\/\/www.tyovaenperinne.fi\/tyovaentutkimus\/esittely\/","title":{"rendered":"Esittely"},"content":{"rendered":"\n<div class=\"wp-block-columns has-2-columns is-layout-flex wp-container-core-columns-is-layout-1 wp-block-columns-is-layout-flex\">\n<div class=\"wp-block-column is-layout-flow wp-block-column-is-layout-flow\">\n<p class=\"has-medium-font-size\"><strong>Ty\u00f6v\u00e4entutkimus Vuosikirja<\/strong> on ty\u00f6v\u00e4est\u00f6\u00e4 ja yhteiskunnallisia aiheita k\u00e4sittelev\u00e4 tieteellinen julkaisu, joka sis\u00e4lt\u00e4\u00e4 muun muassa artikkeleita, mielipidekirjoituksia, opinn\u00e4yte-esittelyj\u00e4 ja kirja-arvioita. Julkaisufoorumi-luokituksessa (Jufo) se on tasolla 1.<\/p>\n\n\n\n<p class=\"has-medium-font-size\">Vuosikirja julkaistiin CC BY 4.0 -lisenssill\u00e4 vuosina 2019\u20132022.<\/p>\n\n\n\n<p class=\"has-medium-font-size\">Vuosikirja julkaistaan CC BY-NC-ND -lisenssill\u00e4 vuoden 2023 numerosta alkaen.<\/p>\n\n\n\n<p class=\"has-medium-font-size\">Ty\u00f6v\u00e4entutkimus Vuosikirjaan voi tarjota julkaistavaksi ty\u00f6v\u00e4est\u00f6\u00f6n tai ty\u00f6el\u00e4m\u00e4\u00e4n liittyvi\u00e4 tieteellisi\u00e4 artikkeleita ja muita kirjoituksia.<\/p>\n<\/div>\n\n\n\n<div class=\"wp-block-column is-layout-flow wp-block-column-is-layout-flow\">\n<div class=\"su-button-center\"><a href=\"https:\/\/journal.fi\/tyovaentutkimus\" class=\"su-button su-button-style-default su-button-wide\" style=\"color:#FFFFFF;background-color:#222222;border-color:#1c1c1c;border-radius:9px\" target=\"_blank\" rel=\"noopener noreferrer\"><span style=\"color:#FFFFFF;padding:0px 24px;font-size:18px;line-height:36px;border-color:#656565;border-radius:9px;text-shadow:none\"> Uudet numerot<small style=\"padding-bottom:8px;color:#FFFFFF\">Uudet numerot julkaistaan painettuna ja elektronisena<\/small><\/span><\/a><\/div> <div class=\"su-button-center\"><a href=\"https:\/\/www.kulttilehdet.fi\/tyovaentutkimus-vuosikirja\/tilaa-tyovaentutkimus-vuosikirja\" class=\"su-button su-button-style-default su-button-wide\" style=\"color:#FFFFFF;background-color:#222222;border-color:#1c1c1c;border-radius:9px\" target=\"_blank\" rel=\"noopener noreferrer\"><span style=\"color:#FFFFFF;padding:0px 24px;font-size:18px;line-height:36px;border-color:#656565;border-radius:9px;text-shadow:none\"> Tilaa Ty\u00f6v\u00e4entutkimus Vuosikirja<small style=\"padding-bottom:8px;color:#FFFFFF\">Painettu Ty\u00f6v\u00e4entutkimus - 25\u20ac<\/small><\/span><\/a><\/div> <br><br><\/p>\n<\/div>\n<\/div>\n","protected":false},"excerpt":{"rendered":"<p>Ty\u00f6v\u00e4entutkimus Vuosikirja on ty\u00f6v\u00e4est\u00f6\u00e4 ja yhteiskunnallisia aiheita k\u00e4sittelev\u00e4 tieteellinen julkaisu, joka sis\u00e4lt\u00e4\u00e4 muun muassa artikkeleita, mielipidekirjoituksia, opinn\u00e4yte-esittelyj\u00e4 ja kirja-arvioita. Julkaisufoorumi-luokituksessa (Jufo) se on tasolla 1. Vuosikirja julkaistiin CC BY 4.0 -lisenssill\u00e4 vuosina 2019\u20132022. Vuosikirja julkaistaan CC BY-NC-ND -lisenssill\u00e4 vuoden 2023 numerosta alkaen. Ty\u00f6v\u00e4entutkimus Vuosikirjaan voi tarjota julkaistavaksi ty\u00f6v\u00e4est\u00f6\u00f6n tai ty\u00f6el\u00e4m\u00e4\u00e4n liittyvi\u00e4 tieteellisi\u00e4 artikkeleita ja muita &#8230; <a title=\"Esittely\" class=\"read-more\" href=\"https:\/\/www.tyovaenperinne.fi\/tyovaentutkimus\/esittely\/\" aria-label=\"Lue lis\u00e4\u00e4 aiheesta Esittely\">Lue lis\u00e4\u00e4<\/a><\/p>\n","protected":false},"author":1,"featured_media":0,"parent":0,"menu_order":0,"comment_status":"closed","ping_status":"closed","template":"","meta":{"footnotes":""},"class_list":["post-69","page","type-page","status-publish"],"_links":{"self":[{"href":"https:\/\/www.tyovaenperinne.fi\/tyovaentutkimus\/wp-json\/wp\/v2\/pages\/69","targetHints":{"allow":["GET"]}}],"collection":[{"href":"https:\/\/www.tyovaenperinne.fi\/tyovaentutkimus\/wp-json\/wp\/v2\/pages"}],"about":[{"href":"https:\/\/www.tyovaenperinne.fi\/tyovaentutkimus\/wp-json\/wp\/v2\/types\/page"}],"author":[{"embeddable":true,"href":"https:\/\/www.tyovaenperinne.fi\/tyovaentutkimus\/wp-json\/wp\/v2\/users\/1"}],"replies":[{"embeddable":true,"href":"https:\/\/www.tyovaenperinne.fi\/tyovaentutkimus\/wp-json\/wp\/v2\/comments?post=69"}],"version-history":[{"count":48,"href":"https:\/\/www.tyovaenperinne.fi\/tyovaentutkimus\/wp-json\/wp\/v2\/pages\/69\/revisions"}],"predecessor-version":[{"id":562,"href":"https:\/\/www.tyovaenperinne.fi\/tyovaentutkimus\/wp-json\/wp\/v2\/pages\/69\/revisions\/562"}],"wp:attachment":[{"href":"https:\/\/www.tyovaenperinne.fi\/tyovaentutkimus\/wp-json\/wp\/v2\/media?parent=69"}],"curies":[{"name":"wp","href":"https:\/\/api.w.org\/{rel}","templated":true}]}}