{"id":12,"date":"2010-11-23T13:43:10","date_gmt":"2010-11-23T11:43:10","guid":{"rendered":"http:\/\/tyovaki2011.nettisivu.org\/?page_id=12"},"modified":"2019-10-18T09:48:03","modified_gmt":"2019-10-18T07:48:03","slug":"tyovaenperinne-arbetrtradition-ryn-jasenyhteisot","status":"publish","type":"page","link":"https:\/\/www.tyovaenperinne.fi\/tyovaki\/perinne\/tyovaenperinne-arbetrtradition-ryn-jasenyhteisot\/","title":{"rendered":"TY\u00d6V\u00c4ENPERINNE &#8211; ARBETARTRADITION ry ja sen j\u00e4senyhteis\u00f6t"},"content":{"rendered":"<p>Ty\u00f6v\u00e4enperinne &#8211; Arbetartradition ry:n toiminnan tarkoituksena on ty\u00f6v\u00e4en ja ty\u00f6v\u00e4enliikkeen perinteen vaaliminen, tutkiminen ja tallentaminen sek\u00e4 siit\u00e4 tiedottaminen. Yhdistyksen teht\u00e4v\u00e4n\u00e4 on yll\u00e4pit\u00e4\u00e4 vuonna 1987 perustettua tieteellist\u00e4 erikoiskirjastoa &#8211; Ty\u00f6v\u00e4enliikkeen kirjastoa.<\/p>\n<p>Ty\u00f6v\u00e4enperinne &#8211; Arbetartradition ry perustettiin 1983 suunnittelemaan ja toteuttamaan Ty\u00f6v\u00e4enliikkeen kirjaston ja Ty\u00f6v\u00e4enmuseo Werstaan (aik. Ty\u00f6v\u00e4en keskusmuseo) perustamista. Yhdistyksen kaksi s\u00e4\u00e4nt\u00f6m\u00e4\u00e4r\u00e4ist\u00e4 kokousta pidet\u00e4\u00e4n vuosittain kev\u00e4\u00e4ll\u00e4 maalis-toukokuussa ja syksyll\u00e4 loka-joulukuussa. Yhdistyksen j\u00e4senen\u00e4 voi olla vain yhteis\u00f6. J\u00e4senyhteis\u00f6t maksavat syyskokouksessa p\u00e4\u00e4tetyn vuotuisen j\u00e4senmaksun.<\/p>\n<p style=\"padding-left: 120px; text-align: left;\"><strong>J\u00e4senmaksujen porrastus vuonna 2019:<\/strong><\/p>\n<ul>\n<li style=\"text-align: left;\">yli 200\u00a0000 j\u00e4sent\u00e4 sek\u00e4 kaupalliset, isot yhteis\u00f6t ja Tradeka ja Turva\u00a0 <strong>2 210 \u20ac<\/strong><\/li>\n<li style=\"text-align: left;\">yli 150\u00a0000 j\u00e4sent\u00e4 \u00a0\u00a0\u00a0\u00a0\u00a0\u00a0\u00a0\u00a0\u00a0\u00a0\u00a0\u00a0\u00a0\u00a0\u00a0\u00a0\u00a0\u00a0\u00a0\u00a0\u00a0\u00a0\u00a0\u00a0\u00a0\u00a0\u00a0\u00a0\u00a0\u00a0\u00a0\u00a0\u00a0\u00a0\u00a0\u00a0\u00a0\u00a0\u00a0\u00a0\u00a0\u00a0\u00a0\u00a0\u00a0\u00a0\u00a0\u00a0\u00a0\u00a0\u00a0\u00a0\u00a0\u00a0\u00a0\u00a0\u00a0\u00a0\u00a0\u00a0\u00a0\u00a0\u00a0\u00a0\u00a0\u00a0\u00a0\u00a0\u00a0\u00a0\u00a0\u00a0\u00a0\u00a0\u00a0\u00a0\u00a0\u00a0\u00a0\u00a0\u00a0\u00a0\u00a0\u00a0\u00a0\u00a0\u00a0\u00a0 <strong>1 945 \u20ac<\/strong><\/li>\n<li style=\"text-align: left;\">yli 100\u00a0000 j\u00e4sent\u00e4 \u00a0\u00a0\u00a0\u00a0\u00a0\u00a0\u00a0\u00a0\u00a0\u00a0\u00a0\u00a0\u00a0\u00a0\u00a0\u00a0\u00a0\u00a0\u00a0\u00a0\u00a0\u00a0\u00a0\u00a0\u00a0\u00a0\u00a0\u00a0\u00a0\u00a0\u00a0\u00a0\u00a0\u00a0\u00a0\u00a0\u00a0\u00a0\u00a0\u00a0\u00a0\u00a0\u00a0\u00a0\u00a0\u00a0\u00a0\u00a0\u00a0\u00a0\u00a0\u00a0\u00a0\u00a0\u00a0\u00a0\u00a0\u00a0\u00a0\u00a0\u00a0\u00a0\u00a0\u00a0\u00a0\u00a0\u00a0\u00a0\u00a0\u00a0\u00a0\u00a0\u00a0\u00a0\u00a0\u00a0\u00a0\u00a0\u00a0\u00a0\u00a0\u00a0\u00a0\u00a0\u00a0\u00a0\u00a0\u00a0 <strong>1 680 \u20ac<\/strong><\/li>\n<li style=\"text-align: left;\">yli 50\u00a0000 j\u00e4sent\u00e4\u00a0\u00a0\u00a0\u00a0\u00a0\u00a0\u00a0\u00a0\u00a0\u00a0\u00a0\u00a0\u00a0\u00a0\u00a0\u00a0\u00a0\u00a0\u00a0\u00a0\u00a0\u00a0\u00a0\u00a0\u00a0\u00a0\u00a0\u00a0\u00a0\u00a0\u00a0\u00a0\u00a0\u00a0\u00a0\u00a0\u00a0\u00a0\u00a0\u00a0\u00a0\u00a0\u00a0\u00a0\u00a0\u00a0\u00a0\u00a0\u00a0\u00a0\u00a0\u00a0\u00a0\u00a0\u00a0\u00a0\u00a0\u00a0\u00a0\u00a0\u00a0\u00a0\u00a0\u00a0\u00a0\u00a0\u00a0\u00a0\u00a0\u00a0\u00a0\u00a0\u00a0\u00a0\u00a0\u00a0\u00a0\u00a0\u00a0\u00a0\u00a0\u00a0\u00a0\u00a0\u00a0\u00a0\u00a0\u00a0\u00a0\u00a0\u00a0\u00a0\u00a0\u00a0\u00a0 <strong>895 \u20ac<\/strong><\/li>\n<li style=\"text-align: left;\">alle 50\u00a0000 j\u00e4sent\u00e4 sek\u00e4 v\u00e4h\u00e4varaiset s\u00e4\u00e4ti\u00f6t, yhteis\u00f6t ja puolueet\u00a0\u00a0\u00a0\u00a0\u00a0\u00a0\u00a0\u00a0\u00a0 <strong>610 \u20ac<\/strong><\/li>\n<\/ul>\n<hr \/>\n<p class=\"western\"><span style=\"font-family: Arial,serif;\">Hyv\u00e4 yhteisty\u00f6kumppani,<\/span><\/p>\n<p class=\"western\"><a name=\"_GoBack\"><\/a> <span style=\"font-family: Arial,serif;\">Ty\u00f6v\u00e4enperinne &#8211; Arbetartradition ry on siirtynyt ostolaskujen s\u00e4hk\u00f6iseen k\u00e4sittelyyn.<br \/>\n<\/span><\/p>\n<p class=\"western\"><span style=\"font-family: Arial,serif;\">Toivomme Teid\u00e4n l\u00e4hett\u00e4v\u00e4n ostolaskut ensisijaisesti verkkolaskuina.<\/span><\/p>\n<p class=\"western\"><span style=\"font-family: Arial,serif;\"><b>Verkkolaskut:<\/b><\/span><\/p>\n<p class=\"western\"><span style=\"font-family: Arial,serif;\">NIMI Y-tunnus Verkkolaskuosoite V\u00e4litt\u00e4j\u00e4n tunnus<\/span><\/p>\n<p class=\"western\"><span style=\"font-family: Arial,serif;\"><b>Ty\u00f6v\u00e4enperinne &#8211; Arbetartradition ry 0558723-4 003705587234 003721291126 <\/b><\/span><\/p>\n<p class=\"western\"><span style=\"font-family: Arial,serif;\">Verkkolaskuoperaattorimme on Maventa Oy<\/span><\/p>\n<p class=\"western\"><span style=\"font-family: Arial,serif;\"><b>Paperilaskut:<\/b><\/span><\/p>\n<p class=\"western\"><span style=\"font-family: Arial,serif;\">Mik\u00e4li Teill\u00e4 ei ole mahdollisuutta toimittaa meille verkkolaskuja, pyyd\u00e4mme teit\u00e4 toimittamaan paperilaskut osoitteella: <\/span><\/p>\n<p class=\"western\"><span style=\"font-family: Arial,serif;\"><b>Ty\u00f6v\u00e4enperinne &#8211; Arbetartradition ry<br \/>\n05587234<br \/>\nPL 100<\/b><\/span><\/p>\n<p class=\"western\"><span style=\"font-family: Arial,serif;\"><b>80020 Kollektor Scan<\/b><\/span><\/p>\n<p class=\"western\"><span style=\"font-family: Arial,serif;\">T\u00e4rkeit\u00e4 huomioita paperilaskujen l\u00e4hett\u00e4misest\u00e4 skannauspalveluun<\/span><\/p>\n<ul>\n<li><span style=\"font-family: Arial,serif;\"><span style=\"font-size: small;\">Osoitteen tulee l\u00f6yty\u00e4 my\u00f6s laskuista, ei pelk\u00e4st\u00e4\u00e4n kirjekuoresta.<\/span><\/span><\/li>\n<li><span style=\"font-family: Arial,serif;\"><span style=\"font-size: small;\">Laskutusosoitteeseen l\u00e4hetet\u00e4\u00e4n vain ja ainoastaan laskuja, muu materiaali ja laskujen liitteet toimitetaan edelleen aiemmin k\u00e4yt\u00f6ss\u00e4 olleeseen osoitteeseen.<\/span><\/span><\/li>\n<\/ul>\n<p class=\"western\"><span style=\"font-family: Arial,serif;\"><b>S\u00e4hk\u00f6posti:<\/b><\/span><\/p>\n<p class=\"western\"><span style=\"font-family: Arial,serif;\">PDF \u2013 muodossa osoitteella: <\/span><span style=\"font-family: Arial,serif;\"><b>invoice-05587234@kollektor.fi<\/b><\/span><\/p>\n<p class=\"western\"><span style=\"font-family: Arial,serif;\"><br \/>\nLaskut l\u00e4hetet\u00e4\u00e4n s\u00e4hk\u00f6postin liitetiedostoina PDF-muodossa. Yksi tiedosto per lasku, joka sis\u00e4lt\u00e4\u00e4 laskun kaikki sivut liitteineen. Tiedoston nimi ei saa sis\u00e4lt\u00e4\u00e4 kuin tavallisia kirjainmerkkej\u00e4, a-z, A-Z, 0-9. Yksi s\u00e4hk\u00f6postiviesti voi sis\u00e4lt\u00e4\u00e4 useita laskuja. Kaikilla tiedostoilla tulee olla oma nimi.<\/span><\/p>\n<hr \/>\n<p>Yhdistyksen s\u00e4\u00e4nn\u00f6t (9.6.1983, s\u00e4\u00e4nt\u00f6muutokset hyv\u00e4ksytty 25.4.2002)<\/p>\n<p style=\"text-align: center;\"><span style=\"color: #993366;\">TY\u00d6V\u00c4ENPERINNE RY<\/span><\/p>\n<p style=\"text-align: center;\"><span style=\"color: #993366;\">S\u00c4\u00c4NN\u00d6T<\/span><\/p>\n<p style=\"text-align: center;\">1 \u00a7<\/p>\n<p style=\"text-align: center;\">Yhdistyksen nimen\u00e4 on Ty\u00f6v\u00e4enperinne &#8211; Arbetartradition ry. Sen kotipaikka on Helsingin kaupunki ja toimialueena koko Suomi.<\/p>\n<p style=\"text-align: center;\">2 \u00a7<\/p>\n<p style=\"text-align: center;\">Yhdistyksen tarkoituksena on ty\u00f6v\u00e4en ja ty\u00f6v\u00e4enliikkeen perinteen vaaliminen, tutkiminen ja tallentaminen. Tarkoitustaan yhdistys toteuttaa edist\u00e4m\u00e4ll\u00e4 ja harjoittamalla ty\u00f6v\u00e4enperinteen historiallista ja muuta tutkimusta, yll\u00e4pit\u00e4m\u00e4ll\u00e4 Ty\u00f6v\u00e4enliikkeen kirjastoa ja alan tietopalvelua, tukemalla ty\u00f6v\u00e4enliikkeen arkisto- ja museotoimintaa sek\u00e4 edist\u00e4m\u00e4ll\u00e4 muita ty\u00f6v\u00e4enpeinteen vaalimiseen liityvi\u00e4 toimintoja.<\/p>\n<p style=\"text-align: center;\">Tarkoitustaan toteuttaakseen yhdistys kartuttaa varojaan toimeenpanemalla rahanker\u00e4yksi\u00e4 ja arpajaisia sek\u00e4 ottamalla vastaan lahjoituksia ja testamentteja. Yhdistys ei tavoittele taloudellista hy\u00f6ty\u00e4. Yhdistys hankkii tarvittaessa toiminnalleen asianomaisen viranomaisen luvan.<\/p>\n<p style=\"text-align: center;\">Yhdistys voi omistaa toimintaansa varten tarpeellisisa kiinteist\u00f6j\u00e4.<\/p>\n<p style=\"text-align: center;\">3 \u00a7<\/p>\n<p style=\"text-align: center;\">Yhdistyksen j\u00e4seneksi voidaan hyv\u00e4ksy\u00e4 suomalainen oikeustoimikelpoinen yhteis\u00f6, jonka yhdistyksen hallitus j\u00e4seneksi hyv\u00e4ksyy.<\/p>\n<p style=\"text-align: center;\">4 \u00a7<\/p>\n<p style=\"text-align: center;\">Yhdistyksen j\u00e4senet suorittavat yhdistykselle vuotuisen j\u00e4senmaksun, jonka suuruus m\u00e4\u00e4r\u00e4t\u00e4\u00e4n yhdistyksen s\u00e4\u00e4nt\u00f6m\u00e4\u00e4r\u00e4isess\u00e4 vuosikokouksessa.<\/p>\n<p style=\"text-align: center;\">5 \u00a7<\/p>\n<p style=\"text-align: center;\">J\u00e4senen, joka haluaa erota yhdistyksen j\u00e4senyydest\u00e4, on teht\u00e4v\u00e4 siit\u00e4 kirjallinen ilmoitus yhdistyksen hallitukselle tai sen puheenjohtajalle tai suullinen ilmoitus yhdistyksen kokouksen p\u00f6yt\u00e4kirjaan.<\/p>\n<p style=\"text-align: center;\">6 \u00a7<\/p>\n<p style=\"text-align: center;\">Yhdistyksen toimeenpanevana elimen\u00e4 toimii syyskokouksen vuodeksi kerrallaan valitsema hallitus, johon kuuluvat puheenjohtaja ja viisi (5) muuta j\u00e4sent\u00e4.<\/p>\n<p style=\"text-align: center;\">Hallitus valitsee keskuudestaan varapuheenjohtajan ja joko\u00a0 keskuudestaan tai ulkopuolelta sihteerin ja muut tarpeelliset virkailijat.<\/p>\n<p style=\"text-align: center;\">Hallitus on p\u00e4\u00e4t\u00f6svaltainen, kun puheenjohtaja tai varapuheenjohtaja ja kolme (3) muuta hallituksen j\u00e4sent\u00e4 on saapuvilla. (1+3=4)<\/p>\n<p style=\"text-align: center;\">7 \u00a7<\/p>\n<p style=\"text-align: center;\">Yhdistyksen nimen kirjoittavat puheenjohtaja, varapuheenjohtaja ja sihteeri, aina kaksi yhdess\u00e4.<\/p>\n<p style=\"text-align: center;\">8 \u00a7<\/p>\n<p style=\"text-align: center;\">Yhdistyksen tilinp\u00e4\u00e4t\u00f6s tehd\u00e4\u00e4n kalenterivuosittain. Tilinp\u00e4\u00e4t\u00f6s ja vuosikertomus on j\u00e4tett\u00e4v\u00e4 tilintarkastajille tarkastettavaksi viimeist\u00e4\u00e4n kaksi viikkoa ennen vuosikokousta.<\/p>\n<p style=\"text-align: center;\">9 \u00a7<\/p>\n<p style=\"text-align: center;\">Yhdistyksen kokoukset kutsuu koolle hallitus kaikille j\u00e4senille l\u00e4hetett\u00e4v\u00e4ll\u00e4 kirjeellisell\u00e4 kokouskutsulla.<\/p>\n<p style=\"text-align: center;\">Kokouskutsu on l\u00e4hetett\u00e4v\u00e4 viimeist\u00e4\u00e4n seitsem\u00e4n (7) p\u00e4iv\u00e4\u00e4 ennen kokousta.<\/p>\n<p style=\"text-align: center;\">P\u00e4\u00e4t\u00f6kset tehd\u00e4\u00e4n yksinkertaiselle \u00e4\u00e4ntenenemmist\u00f6ll\u00e4. \u00c4\u00e4nten menness\u00e4 \u00e4\u00e4nestyksiss\u00e4 tasan ratkaisee puheenjohtajan \u00e4\u00e4ni, paitsi vaaleissa ratkaisee arpa.<\/p>\n<p style=\"text-align: center;\">10 \u00a7<\/p>\n<p style=\"text-align: center;\">Yhdistyksen s\u00e4\u00e4nt\u00f6m\u00e4\u00e4r\u00e4iset kokoukset pidet\u00e4\u00e4n kev\u00e4\u00e4ll\u00e4 huhti-, toukokuussa ja syksyll\u00e4 loka-, marraskuussa.<\/p>\n<p style=\"text-align: center;\">Kev\u00e4tkokouksessa k\u00e4sitelt\u00e4v\u00e4t asiat:<\/p>\n<p style=\"text-align: center;\">-yhdityksen vuosikertomus<\/p>\n<p style=\"text-align: center;\">-yhdistyksen tilit ja tilintarkastajien lausunto<\/p>\n<p style=\"text-align: center;\">-vahvistetaan tilinp\u00e4\u00e4t\u00f6s ja p\u00e4\u00e4tet\u00e4\u00e4n tili- ja vastuuvapauden my\u00f6nt\u00e4misest\u00e4<\/p>\n<p style=\"text-align: center;\">-muut hallituksen kokoukselle esitt\u00e4m\u00e4t asiat<\/p>\n<p style=\"text-align: center;\">Syyskokouksessa k\u00e4sitelt\u00e4v\u00e4t asiat:<\/p>\n<p style=\"text-align: center;\">-vahvistetaan tiomintasuunnitelma, tulo- ja menoarvio sek\u00e4 j\u00e4senmaskun suuruus tulevaksi kalenterivuodeksi<\/p>\n<p style=\"text-align: center;\">-valitaan yhdistyksen puheenjohtaja ja viisi muuta hallituksen j\u00e4sent\u00e4<\/p>\n<p style=\"text-align: center;\">-valitaan kaksi tilintarkastajaa ja heille varamiehet<\/p>\n<p style=\"text-align: center;\">-muut hallituksen kokoukselle esitt\u00e4m\u00e4t asiat<\/p>\n<p style=\"text-align: center;\">11 \u00a7<\/p>\n<p style=\"text-align: center;\">Hallitus kutsuu yhdistyksen ylim\u00e4\u00e4r\u00e4isen kokouksen koolle katsoessaan sen tarpeelliseksi tai kun v\u00e4hint\u00e4\u00e4n kymmenesosa (1\/10) yhdistyksen j\u00e4senist\u00e4 sit\u00e4 mainitsemaansa asiaa varten kirjallisesti vaatii.<\/p>\n<p style=\"text-align: center;\">12 \u00a7<\/p>\n<p style=\"text-align: center;\">P\u00e4\u00e4t\u00f6s yhdistyksen s\u00e4\u00e4nt\u00f6jen muuttamisesta tai yhdistyksen purkamisesta tehd\u00e4\u00e4n yhdistyksen kokouksessa v\u00e4hint\u00e4\u00e4n 3\/4 enemmist\u00f6ll\u00e4 annetuista \u00e4\u00e4nist\u00e4.<\/p>\n<p style=\"text-align: center;\">13 \u00a7<\/p>\n<p style=\"text-align: center;\">Jos yhdistys purkautuu, k\u00e4ytet\u00e4\u00e4n yhdistyksen varat yhdistyksen kokouksen p\u00e4\u00e4tt\u00e4m\u00e4ll\u00e4 tavalla ty\u00f6v\u00e4enperinteen vaalimiseen.<\/p>\n<p style=\"text-align: left;\"><span style=\"color: #800080;\">Ty\u00f6v\u00e4enliikkeen kirjaston johtos\u00e4\u00e4nt\u00f6, hyv\u00e4ksytty Ty\u00f6v\u00e4enperinne ry:n hallituksen kokouksessa 25.11.2014<\/span><\/p>\n<p style=\"text-align: left;\"><a href=\"https:\/\/www.tyovaenperinne.fi\/tyovaki\/wp-content\/uploads\/2010\/11\/Ty\u00f6v\u00e4enliikkeen-kirjaston-johtos\u00e4\u00e4nt\u00f6_hyv25112014.pdf\">Ty\u00f6v\u00e4enliikkeen kirjaston johtos\u00e4\u00e4nt\u00f6_hyv25112014<\/a><\/p>\n<h4><em>Kev\u00e4tkokouksessa k\u00e4sitell\u00e4\u00e4n:<\/em><\/h4>\n<ul>\n<li>yhdistyksen vuosikertomus<\/li>\n<li>yhdistyksen tilit ja tilintarkastajien lausunto<\/li>\n<li>vahvistetaan tilinp\u00e4\u00e4t\u00f6s ja p\u00e4\u00e4tet\u00e4\u00e4n tili- ja vastuuvapauden my\u00f6nt\u00e4misest\u00e4<\/li>\n<li>k\u00e4sitell\u00e4\u00e4n muut hallituksen kokoukselle esitt\u00e4m\u00e4t asiat<\/li>\n<\/ul>\n<h4><em>Syyskokouksessa k\u00e4sitell\u00e4\u00e4n:<\/em><\/h4>\n<ul>\n<li>vahvistetaan toimintasuunnitelma, tulo- ja menoarvio sek\u00e4 j\u00e4senmaksun suuruus tulevaksi kalenterivuodeksi<\/li>\n<li>valitaan yhdistyksen puheenjohtaja ja viisi muuta hallituksen j\u00e4sent\u00e4<\/li>\n<li>valitaan kaksi tilintarkastajaa ja heille varamiehet<\/li>\n<li>k\u00e4sitell\u00e4\u00e4n muut hallituksen kokoukselle esitt\u00e4m\u00e4t asiat<\/li>\n<\/ul>\n<p>Yhdistyksen j\u00e4seneksi voivat liitty\u00e4 suomalaiset yhteis\u00f6t, jotka ovat etup\u00e4\u00e4ss\u00e4 valtakunnallisia j\u00e4rjest\u00f6j\u00e4. Vuonna 2018 j\u00e4seni\u00e4 on 33, ja ne edustavat laajasti kansalaisyhteiskuntaa, ammattiyhdistysliikett\u00e4, osuustoimintaliikett\u00e4, poliittista liikett\u00e4 ja ty\u00f6v\u00e4enperinnealaa.<\/p>\n<p>Yhdistyksen ylint\u00e4 p\u00e4\u00e4t\u00f6svaltaa k\u00e4ytt\u00e4v\u00e4t vuosikokoukset (syys- ja kev\u00e4tvuosikokous), jossa j\u00e4senj\u00e4rjest\u00f6t ovat edutettuina. Toimeenpanovalta on hallituksella, joka on kevytrakenteinen kuusij\u00e4seninen toimielin.<\/p>\n<h3 class=\"MsoNormal\"><em>Yhteis\u00f6j\u00e4senet vuonna 2019: <\/em><\/h3>\n<p><em>(Liiton nimi toimii linkkin\u00e4)<br \/>\n<\/em><\/p>\n<ol>\n<li><a title=\"Ammattiliitto Pro ry\" href=\"https:\/\/www.proliitto.fi\/\" target=\"_blank\" rel=\"noopener noreferrer\">Ammattiliitto Pro ry<\/a><\/li>\n<li><a title=\"Auto- ja Kuljetusalan Ty\u00f6ntekij\u00e4liitto AKT ry\" href=\"https:\/\/www.akt.fi\/\" target=\"_blank\" rel=\"noopener noreferrer\">Auto- ja Kuljetusalan Ty\u00f6ntekij\u00e4liitto AKT ry<\/a><\/li>\n<li><a href=\"https:\/\/www.desili.fi\/\">Demokraattinen Sivistysliitto DSL ry<\/a><\/li>\n<li><a title=\"El\u00e4kel\u00e4iset ry\" href=\"https:\/\/www.elakelaiset.fi\/\" target=\"_blank\" rel=\"noopener noreferrer\">El\u00e4kel\u00e4iset ry<\/a><\/li>\n<li><a title=\"El\u00e4kkeensaajien Keskusliitto EKL ry\" href=\"https:\/\/www.elakkeensaajat.fi\/\" target=\"_blank\" rel=\"noopener noreferrer\">El\u00e4kkeensaajien Keskusliitto EKL ry<\/a><\/li>\n<li><a title=\"Julkisten ja hyvinvointialojen liitto JHL\" href=\"https:\/\/www.jhl.fi\/portal\/fi\" target=\"_blank\" rel=\"noopener noreferrer\">Julkisten ja hyvinvointialojen liitto JHL ry<\/a><\/li>\n<li><a href=\"https:\/\/sorsafoundation.fi\">Kalevi Sorsa -s\u00e4\u00e4ti\u00f6<\/a><\/li>\n<li><a title=\"Kansan Sivistysrahasto\" href=\"https:\/\/www.sivistysrahasto.fi\/\" target=\"_blank\" rel=\"noopener noreferrer\">Kansan Sivistysrahasto<\/a><\/li>\n<li><a href=\"https:\/\/www.ksl.fi\/\">Kansan Sivistysty\u00f6n Liitto KSL ry<\/a><\/li>\n<li><a title=\"Kustannusosakeyhti\u00f6 Kansanvalta\" href=\"https:\/\/www.demari.fi\/\" target=\"_blank\" rel=\"noopener noreferrer\">Kustannusosakeyhti\u00f6 Kansanvalta<\/a><\/li>\n<li><a title=\"Osuuskunta Tradeka-yhtym\u00e4\" href=\"https:\/\/www.tradeka-yhtyma.fi\/etusivu.html\" target=\"_blank\" rel=\"noopener noreferrer\">Osuuskunta Tradeka-yhtym\u00e4<\/a><\/li>\n<li><a title=\"Palkansaajas\u00e4\u00e4ti\u00f6\" href=\"https:\/\/www.palkansaajasaatio.fi\/\" target=\"_blank\" rel=\"noopener noreferrer\">Palkansaajas\u00e4\u00e4ti\u00f6<\/a><\/li>\n<li><a href=\"https:\/\/www.kiljavanranta.fi\/\" target=\"_blank\" rel=\"noopener noreferrer\">Palkansaajien koulutuss\u00e4\u00e4ti\u00f6 sr. \/ Kiljavan Opisto \/ Voionmaa<\/a><\/li>\n<li><a title=\"Palvelualojen ammattiliitto PAM ry\" href=\"https:\/\/www.pam.fi\/Sivut\/Default.aspx\" target=\"_blank\" rel=\"noopener noreferrer\">Palvelualojen ammattiliitto PAM ry<\/a><\/li>\n<li><a title=\"Paperiliitto r.y.\" href=\"https:\/\/www.paperiliitto.fi\/www\/fi\/index.php\" target=\"_blank\" rel=\"noopener noreferrer\">Paperiliitto r.y.<\/a><\/li>\n<li><a title=\"Posti- ja logistiikka-alan unioni PAU ry\" href=\"https:\/\/www.pau.fi\/\" target=\"_blank\" rel=\"noopener noreferrer\">Posti- ja logistiikka-alan unioni PAU ry<\/a><\/li>\n<li><a title=\"Rakennusliitto ry\" href=\"https:\/\/www.rakennusliitto.fi\/\" target=\"_blank\" rel=\"noopener noreferrer\">Rakennusliitto ry<\/a><\/li>\n<li><a title=\"Riihi s\u00e4\u00e4ti\u00f6 r.s.\" href=\"https:\/\/www.riihi.fi\/\" target=\"_blank\" rel=\"noopener noreferrer\">Riihi s\u00e4\u00e4ti\u00f6 r.s.<\/a><\/li>\n<li><a title=\"Suomen Ammattiliittojen Keskusj\u00e4rjsest\u00f6 SAK\" href=\"https:\/\/www.sak.fi\/\" target=\"_blank\" rel=\"noopener noreferrer\">Suomen Ammattiliittojen Keskusj\u00e4rjest\u00f6 SAK ry<\/a><\/li>\n<li><a title=\"Suomen Elintarvikety\u00f6l\u00e4isten Liitto SEL ry\" href=\"https:\/\/www.selry.fi\/\" target=\"_blank\" rel=\"noopener noreferrer\">Suomen Elintarvikety\u00f6l\u00e4isten Liitto SEL ry<\/a><\/li>\n<li><a href=\"https:\/\/www.skp.fi\/\">Suomen Kommunistinen Puolue SKP rp.<\/a><\/li>\n<li><a title=\"Suomen Merimies-Unioni SMU ry\" href=\"https:\/\/www.smu.fi\/\" target=\"_blank\" rel=\"noopener noreferrer\">Suomen Merimies-Unioni SMU ry<\/a><\/li>\n<li><a title=\"Suomen Sosialidemokraattinen Sanomalehtimiesliitto SSSL ry \" href=\"https:\/\/www.sssl.fi\/\" target=\"_blank\" rel=\"noopener noreferrer\">Suomen Sosialidemokraattinen Sanomalehtimiesliitto SSSL ry<\/a><\/li>\n<li><a title=\"Suomen Sosialidemokraattinen Puolue SDP\" href=\"https:\/\/www.sdp.fi\/fi\/\" target=\"_blank\" rel=\"noopener noreferrer\">Suomen Sosialidemokraattinen Puolue SDP rp.<\/a><\/li>\n<li><a href=\"https:\/\/www.tul.fi\/\" target=\"_blank\" rel=\"noopener noreferrer\">Suomen Ty\u00f6v\u00e4en Urheiluliitto TUL ry<\/a><\/li>\n<li><a title=\"S\u00e4hk\u00f6alojen ammattiliitto ry.\" href=\"https:\/\/www.sahkoliitto.fi\/\" target=\"_blank\" rel=\"noopener noreferrer\">S\u00e4hk\u00f6alojen ammattiliitto ry.<\/a> (S\u00e4hk\u00f6liitto)<\/li>\n<li><a href=\"https:\/\/www.teollisuusliitto.fi\/\" target=\"_blank\" rel=\"noopener noreferrer\">Teollisuusliitto ry<\/a><\/li>\n<li><a title=\"Ty\u00f6v\u00e4en Akatemian Kannatusosakeyhti\u00f6\" href=\"https:\/\/www.akatemia.org\/\" target=\"_blank\" rel=\"noopener noreferrer\">Ty\u00f6v\u00e4en Akatemian Kannatusosakeyhti\u00f6<\/a><\/li>\n<li><a title=\"Ty\u00f6v\u00e4en Arkiston S\u00e4\u00e4ti\u00f6\" href=\"https:\/\/www.tyark.fi\/\" target=\"_blank\" rel=\"noopener noreferrer\">Ty\u00f6v\u00e4en Arkiston S\u00e4\u00e4ti\u00f6<\/a><\/li>\n<li><a title=\"Ty\u00f6v\u00e4en museoyhdistys ry\" href=\"https:\/\/www.tyovaenmuseo.fi\/?q=tietoa_werstaasta\/tyovaen_museoyhdistys_ry\" target=\"_blank\" rel=\"noopener noreferrer\">Ty\u00f6v\u00e4en museoyhdistys ry<\/a><\/li>\n<li><a title=\"Ty\u00f6v\u00e4en N\u00e4ytt\u00e4m\u00f6iden Liitto r.y.\" href=\"https:\/\/www.tnl.fi\/index.php?option=com_content&amp;view=article&amp;id=14&amp;Itemid=1\" target=\"_blank\" rel=\"noopener noreferrer\">Ty\u00f6v\u00e4en N\u00e4ytt\u00e4m\u00f6iden Liitto r.y.<\/a> (TNL)<\/li>\n<li><a title=\"Ty\u00f6v\u00e4en Sivistysliitto TSL\" href=\"https:\/\/www.tsl.fi\/\" target=\"_blank\" rel=\"noopener noreferrer\">Ty\u00f6v\u00e4en Sivistysliitto TSL<\/a><\/li>\n<li><a title=\"Keskin\u00e4inen Vakuutusyhti\u00f6 Turva\" href=\"https:\/\/www.turva.fi\/turva\/Yksityisasiakkaat\/\" target=\"_blank\" rel=\"noopener noreferrer\">Keskin\u00e4inen Vakuutusyhti\u00f6 Turva<\/a><\/li>\n<li><a href=\"https:\/\/vasemmistofoorumi.fi\/\">Vasemmistofoorumi<\/a><\/li>\n<li><a title=\"Vasemmistoliitto r.p.\" href=\"https:\/\/www.vasemmisto.fi\/\" target=\"_blank\" rel=\"noopener noreferrer\">Vasemmistoliitto r.p.<\/a><\/li>\n<li><a title=\"Yhteiskunnallinen Arkistos\u00e4\u00e4ti\u00f6\" href=\"https:\/\/www.kansanarkisto.fi\/\" target=\"_blank\" rel=\"noopener noreferrer\">Yhteiskunnallinen Arkistos\u00e4\u00e4ti\u00f6<\/a><\/li>\n<\/ol>\n<p><span class=\"alignleft\"><span style=\"font-family: 'Calibri','sans-serif'font-style: normal;\">\u00a0<\/span><\/span><\/p>\n<address>\u00a0<\/address>\n<address>\u00a0<\/address>\n<p class=\"MsoListParagraphCxSpMiddle\"><em>\u00a0<\/em><\/p>\n<p class=\"MsoListParagraphCxSpMiddle\"><em>\u00a0<\/em><\/p>\n<h4 class=\"MsoListParagraphCxSpMiddle\"><span style=\"font-family: 'Calibri','sans-serif'font-style: normal;\">\u00a0<\/span><\/h4>\n<h4 class=\"MsoListParagraphCxSpMiddle\"><span style=\"font-family: 'Calibri','sans-serif'font-style: normal;\">\u00a0<\/span><\/h4>\n<p class=\"MsoListParagraphCxSpMiddle\"><em>\u00a0<\/em><\/p>\n<h4 class=\"MsoListParagraphCxSpMiddle\"><span style=\"font-family: 'Calibri','sans-serif'font-style: normal;\">\u00a0<\/span><\/h4>\n<p class=\"MsoListParagraphCxSpMiddle\"><em>\u00a0<\/em><\/p>\n<h4 class=\"MsoListParagraphCxSpMiddle\"><\/h4>\n<h4 class=\"MsoListParagraphCxSpMiddle\"><span style=\"font-family: 'Calibri','sans-serif'font-style: normal;\">\u00a0<\/span><\/h4>\n<p class=\"MsoListParagraphCxSpMiddle\"><em>\u00a0<\/em><\/p>\n<h4 class=\"MsoListParagraphCxSpMiddle\"><span style=\"font-family: 'Calibri','sans-serif'font-style: normal;\">\u00a0<\/span><\/h4>\n<p class=\"MsoListParagraphCxSpLast\"><em>\u00a0<\/em><\/p>\n","protected":false},"excerpt":{"rendered":"<p class=\"excerpt\">Ty\u00f6v\u00e4enperinne &#8211; Arbetartradition ry:n toiminnan tarkoituksena on ty\u00f6v\u00e4en ja ty\u00f6v\u00e4enliikkeen perinteen vaaliminen, tutkiminen ja tallentaminen sek\u00e4 siit\u00e4 tiedottaminen. Yhdistyksen teht\u00e4v\u00e4n\u00e4 on yll\u00e4pit\u00e4\u00e4 vuonna 1987 perustettua tieteellist\u00e4 erikoiskirjastoa &#8211; Ty\u00f6v\u00e4enliikkeen kirjastoa. Ty\u00f6v\u00e4enperinne &#8211; Arbetartradition ry perustettiin 1983 suunnittelemaan ja toteuttamaan Ty\u00f6v\u00e4enliikkeen kirjaston ja Ty\u00f6v\u00e4enmuseo Werstaan (aik. Ty\u00f6v\u00e4en keskusmuseo) perustamista. Yhdistyksen kaksi s\u00e4\u00e4nt\u00f6m\u00e4\u00e4r\u00e4ist\u00e4 kokousta pidet\u00e4\u00e4n vuosittain kev\u00e4\u00e4ll\u00e4 maalis-toukokuussa ja syksyll\u00e4 loka-joulukuussa. Yhdistyksen &#8230; <a title=\"TY\u00d6V\u00c4ENPERINNE &#8211; ARBETARTRADITION ry ja sen j\u00e4senyhteis\u00f6t\" class=\"read-more\" href=\"https:\/\/www.tyovaenperinne.fi\/tyovaki\/perinne\/tyovaenperinne-arbetrtradition-ryn-jasenyhteisot\/\">Read more<\/a><\/p>\n<p class=\"more-link-p\"><a class=\"btn btn-default\" href=\"https:\/\/www.tyovaenperinne.fi\/tyovaki\/perinne\/tyovaenperinne-arbetrtradition-ryn-jasenyhteisot\/\">Read more<\/a><\/p>\n","protected":false},"author":1,"featured_media":0,"parent":28,"menu_order":4,"comment_status":"closed","ping_status":"closed","template":"","meta":[],"_links":{"self":[{"href":"https:\/\/www.tyovaenperinne.fi\/tyovaki\/wp-json\/wp\/v2\/pages\/12"}],"collection":[{"href":"https:\/\/www.tyovaenperinne.fi\/tyovaki\/wp-json\/wp\/v2\/pages"}],"about":[{"href":"https:\/\/www.tyovaenperinne.fi\/tyovaki\/wp-json\/wp\/v2\/types\/page"}],"author":[{"embeddable":true,"href":"https:\/\/www.tyovaenperinne.fi\/tyovaki\/wp-json\/wp\/v2\/users\/1"}],"replies":[{"embeddable":true,"href":"https:\/\/www.tyovaenperinne.fi\/tyovaki\/wp-json\/wp\/v2\/comments?post=12"}],"version-history":[{"count":23,"href":"https:\/\/www.tyovaenperinne.fi\/tyovaki\/wp-json\/wp\/v2\/pages\/12\/revisions"}],"predecessor-version":[{"id":933,"href":"https:\/\/www.tyovaenperinne.fi\/tyovaki\/wp-json\/wp\/v2\/pages\/12\/revisions\/933"}],"up":[{"embeddable":true,"href":"https:\/\/www.tyovaenperinne.fi\/tyovaki\/wp-json\/wp\/v2\/pages\/28"}],"wp:attachment":[{"href":"https:\/\/www.tyovaenperinne.fi\/tyovaki\/wp-json\/wp\/v2\/media?parent=12"}],"curies":[{"name":"wp","href":"https:\/\/api.w.org\/{rel}","templated":true}]}}