{"id":24,"date":"2010-12-28T21:23:50","date_gmt":"2010-12-28T19:23:50","guid":{"rendered":"http:\/\/tyovaki2011.nettisivu.org\/?page_id=24"},"modified":"2019-10-18T11:13:19","modified_gmt":"2019-10-18T09:13:19","slug":"tyovaenperinne-tutuksi","status":"publish","type":"page","link":"https:\/\/www.tyovaenperinne.fi\/tyovaki\/","title":{"rendered":"TY\u00d6V\u00c4ENPERINNE TUTUKSI!"},"content":{"rendered":"\n<p><strong>Ty\u00f6v\u00e4enperinne &#8211; Arbetartradition ry:n toiminnan tarkoituksena on ty\u00f6v\u00e4en ja ty\u00f6v\u00e4enliikkeen perinteen vaaliminen, tutkiminen ja tallentaminen sek\u00e4 siit\u00e4 tiedottaminen.<\/strong><\/p>\n\n\n\n<p><strong>Yhdistyksen teht\u00e4v\u00e4n\u00e4 on yll\u00e4pit\u00e4\u00e4 vuonna 1987 perustettua tieteellist\u00e4 erikoiskirjastoa &#8211; <a href=\"https:\/\/www.tyovaenperinne.fi\">Ty\u00f6v\u00e4enliikkeen kirjastoa<\/a>.<\/strong><\/p>\n\n\n\n<figure class=\"wp-block-image\"><img decoding=\"async\" loading=\"lazy\" width=\"1024\" height=\"379\" src=\"https:\/\/www.tyovaenperinne.fi\/tyovaki\/wp-content\/uploads\/2019\/10\/orig_83755-e1571389670651-1024x379.jpg\" alt=\"\" class=\"wp-image-941\" srcset=\"https:\/\/www.tyovaenperinne.fi\/tyovaki\/wp-content\/uploads\/2019\/10\/orig_83755-e1571389670651-1024x379.jpg 1024w, https:\/\/www.tyovaenperinne.fi\/tyovaki\/wp-content\/uploads\/2019\/10\/orig_83755-e1571389670651-300x111.jpg 300w, https:\/\/www.tyovaenperinne.fi\/tyovaki\/wp-content\/uploads\/2019\/10\/orig_83755-e1571389670651-768x284.jpg 768w, https:\/\/www.tyovaenperinne.fi\/tyovaki\/wp-content\/uploads\/2019\/10\/orig_83755-e1571389670651.jpg 1149w\" sizes=\"(max-width: 1024px) 100vw, 1024px\" \/><figcaption>Suomen Ty\u00f6v\u00e4enpuolueen edustajakokous Forssassa 17.\u201320. elokuuta 1903.  Forssan kokous oli poikkeuksellisen merkitt\u00e4v\u00e4 Suomen ty\u00f6v\u00e4enliikkeen historiassa. Kuva: Kansan Arkisto (kuvaa rajattu)<\/figcaption><\/figure>\n","protected":false},"excerpt":{"rendered":"<p class=\"excerpt\">Ty\u00f6v\u00e4enperinne &#8211; Arbetartradition ry:n toiminnan tarkoituksena on ty\u00f6v\u00e4en ja ty\u00f6v\u00e4enliikkeen perinteen vaaliminen, tutkiminen ja tallentaminen sek\u00e4 siit\u00e4 tiedottaminen. Yhdistyksen teht\u00e4v\u00e4n\u00e4 on yll\u00e4pit\u00e4\u00e4 vuonna 1987 perustettua tieteellist\u00e4 erikoiskirjastoa &#8211; Ty\u00f6v\u00e4enliikkeen kirjastoa.<\/p>\n<p class=\"more-link-p\"><a class=\"btn btn-default\" href=\"https:\/\/www.tyovaenperinne.fi\/tyovaki\/\">Read more<\/a><\/p>\n","protected":false},"author":1,"featured_media":0,"parent":0,"menu_order":0,"comment_status":"closed","ping_status":"closed","template":"","meta":[],"_links":{"self":[{"href":"https:\/\/www.tyovaenperinne.fi\/tyovaki\/wp-json\/wp\/v2\/pages\/24"}],"collection":[{"href":"https:\/\/www.tyovaenperinne.fi\/tyovaki\/wp-json\/wp\/v2\/pages"}],"about":[{"href":"https:\/\/www.tyovaenperinne.fi\/tyovaki\/wp-json\/wp\/v2\/types\/page"}],"author":[{"embeddable":true,"href":"https:\/\/www.tyovaenperinne.fi\/tyovaki\/wp-json\/wp\/v2\/users\/1"}],"replies":[{"embeddable":true,"href":"https:\/\/www.tyovaenperinne.fi\/tyovaki\/wp-json\/wp\/v2\/comments?post=24"}],"version-history":[{"count":13,"href":"https:\/\/www.tyovaenperinne.fi\/tyovaki\/wp-json\/wp\/v2\/pages\/24\/revisions"}],"predecessor-version":[{"id":952,"href":"https:\/\/www.tyovaenperinne.fi\/tyovaki\/wp-json\/wp\/v2\/pages\/24\/revisions\/952"}],"wp:attachment":[{"href":"https:\/\/www.tyovaenperinne.fi\/tyovaki\/wp-json\/wp\/v2\/media?parent=24"}],"curies":[{"name":"wp","href":"https:\/\/api.w.org\/{rel}","templated":true}]}}