{"id":34,"date":"2011-01-07T16:38:18","date_gmt":"2011-01-07T14:38:18","guid":{"rendered":"http:\/\/tyovaki2011.nettisivu.org\/?page_id=34"},"modified":"2017-03-08T22:12:54","modified_gmt":"2017-03-08T20:12:54","slug":"osuustoiminta-kokoelmaluettelo","status":"publish","type":"page","link":"https:\/\/www.tyovaenperinne.fi\/tyovaki\/julkaisutoiminta\/osuustoiminta-kokoelmaluettelo\/","title":{"rendered":"OSUUSTOIMINTA-kokoelmaluettelo"},"content":{"rendered":"<p><!-- [if gte mso 9]&gt; Normal 0 21 false false false FI X-NONE X-NONE MicrosoftInternetExplorer4 &lt;![endif]--><!-- [if gte mso 9]&gt; &lt;![endif]--><!-- [if gte mso 10]&gt;--><\/p>\n<div id=\"attachment_493\" style=\"width: 218px\" class=\"wp-caption aligncenter\"><a href=\"https:\/\/www.tyovaenperinne.fi\/tyovaki\/wp-content\/uploads\/2011\/01\/Keskusosuusliike-OTK.-OTKn-p\u00e4\u00e4konttori-H\u00e4meentiell\u00e4-vuonna-1933.-Helsinki.jpg\"><img aria-describedby=\"caption-attachment-493\" decoding=\"async\" loading=\"lazy\" class=\"size-medium wp-image-493\" src=\"https:\/\/www.tyovaenperinne.fi\/tyovaki\/wp-content\/uploads\/2011\/01\/Keskusosuusliike-OTK.-OTKn-p\u00e4\u00e4konttori-H\u00e4meentiell\u00e4-vuonna-1933.-Helsinki-208x300.jpg\" alt=\"Keskusosuusliike OTK. OTK:n p\u00e4\u00e4konttori H\u00e4meentiell\u00e4 vuonna 1933. Helsinki. Kuva: Ty\u00f6v\u00e4en Arkisto.\" width=\"208\" height=\"300\" srcset=\"https:\/\/www.tyovaenperinne.fi\/tyovaki\/wp-content\/uploads\/2011\/01\/Keskusosuusliike-OTK.-OTKn-p\u00e4\u00e4konttori-H\u00e4meentiell\u00e4-vuonna-1933.-Helsinki-208x300.jpg 208w, https:\/\/www.tyovaenperinne.fi\/tyovaki\/wp-content\/uploads\/2011\/01\/Keskusosuusliike-OTK.-OTKn-p\u00e4\u00e4konttori-H\u00e4meentiell\u00e4-vuonna-1933.-Helsinki.jpg 311w\" sizes=\"(max-width: 208px) 100vw, 208px\" \/><\/a><p id=\"caption-attachment-493\" class=\"wp-caption-text\">Keskusosuusliike OTK. OTK:n p\u00e4\u00e4konttori H\u00e4meentiell\u00e4 vuonna 1933. Helsinki. Kuva: Ty\u00f6v\u00e4en Arkisto.<\/p><\/div>\n<p class=\"MsoNormal\" style=\"text-align: center;\"><a href=\"https:\/\/www.flickr.com\/photos\/tyovaki\/sets\/72157625844063519\/\">Kuvia Osuustoiminnasta<\/a><\/p>\n<p class=\"MsoNormal\" style=\"text-align: center;\">&#8212;<\/p>\n<p style=\"padding-left: 60px;\">Ty\u00f6v\u00e4enperinnne ry julkaisi 1990 Osuustoiminta-bibliografian Ty\u00f6v\u00e4enliikkeen kirjastossa olevasta Osuutoimintakokoelmasta.<\/p>\n<p style=\"padding-left: 60px;\">Ohessa bibliografia PDF-muodossa.<\/p>\n<p style=\"padding-left: 60px;\"><a href=\"https:\/\/hdl.handle.net\/10138\/153367\">Osuutoimintakokoelmaluettelo<\/a><\/p>\n<p style=\"padding-left: 60px;\">PDF-dokumenteista voi hakea painamalla CTRL + F, jolloin aukeaa valikko, johon voi lis\u00e4t\u00e4 hakusanan.<\/p>\n<p style=\"padding-left: 60px; text-align: center;\">&#8212;<\/p>\n<p class=\"MsoNormal\"><a title=\"Osuustoiminta\" href=\"https:\/\/www.palveluosuuskunnat.net\/neuvonta\/osuustoiminta1.htm\" target=\"_blank\">Osuustoiminta<\/a> 1-5) on yhteistoimintamuoto, jonka avulla sen j\u00e4senet toteuttavat yhteisi\u00e4 taloudellisia, sosiaalisia ja kulttuurisia tavoitteitaan.Osuuskunta on yritys, joka tukee j\u00e4sentens\u00e4 elinkeinoa ja taloutta ja muita heid\u00e4n yhteisi\u00e4 tavoitteitaan. Osuuskuntaa koskevat samat vero \u2013ja muut lait kuin muitakin yrityksi\u00e4. J\u00e4senten vastuu riippuu heid\u00e4n maksamastaan osuusmaksusta. Osuusmaksu palautetaan alkuper\u00e4isen suuruisena, jos j\u00e4sen haluaa erota. Tuoton ylij\u00e4\u00e4m\u00e4ll\u00e4 maksetaan korkoa osuusp\u00e4\u00e4omalle tai se palautetaan j\u00e4senille heid\u00e4n k\u00e4ytt\u00e4miens\u00e4 palvelujen suhteessa. Osuuskuntien j\u00e4senm\u00e4\u00e4r\u00e4\u00e4 tai p\u00e4\u00e4omaa ei voi ennalta m\u00e4\u00e4r\u00e4t\u00e4, koska j\u00e4senm\u00e4\u00e4r\u00e4 ja sen mukana p\u00e4\u00e4oma voivat vaihdella. Laissa ei ole minimip\u00e4\u00e4omarajoituksia. Osuuskunnan j\u00e4senill\u00e4 on yht\u00e4l\u00e4inen p\u00e4\u00e4t\u00f6svalta osuuskunnan asioihin, elleiv\u00e4t sen s\u00e4\u00e4nn\u00f6t toisin m\u00e4\u00e4rittele. Pieniss\u00e4 osuuskunnissa kaikki osallistuvat sek\u00e4 p\u00e4\u00e4t\u00f6ksentekoon ett\u00e4 my\u00f6s niiden toteuttamiseen. Osuuskunnan hallintoa hoitaa sen j\u00e4senten valitsema hallitus sek\u00e4 toimitusjohtaja.<\/p>\n<p class=\"MsoNormal\">Vuonna 1916 perustettiin edistysmielisten osuuskauppojen aatteelliseksi kattoj\u00e4rjest\u00f6ksi <a title=\"Elanto\" href=\"https:\/\/fi.wikipedia.org\/wiki\/Elanto\" target=\"_blank\">Kulutusosuuskuntien Keskusliitto KK<\/a> 6).Se jakoi monipuolista valistusta etenkin v\u00e4h\u00e4osaisten keskuudessa. Tiedotusta jakoi vuodesta 1917 Kuluttajain lehti (vuodesta 1956 Kuluttaja, vuodesta 1965 Me kuluttajat).<\/p>\n<p class=\"MsoNormal\">Vuonna 1917 KK.n j\u00e4senm\u00e4\u00e4r\u00e4 oli noin 130\u00a0000, ja vuonna 1939 noin 320\u00a0000. Vuoteen 1951 menness\u00e4 sill\u00e4 oli jo noin 495\u00a0000 j\u00e4sent\u00e4, joista suurin osa oli teollisuus- ja kaupunkiv\u00e4est\u00f6\u00e4. Sodanj\u00e4lkeisell\u00e4 j\u00e4lleenrakennuskaudella edistysmielisen osuustoimintaliikkeen j\u00e4senm\u00e4\u00e4r\u00e4 kasvoi voimakkaasti. Sodan menetykset saatiin korjattua nopeasti ja liikkeen j\u00e4senm\u00e4\u00e4r\u00e4 ja liikevaihto kasvoivat ripe\u00e4sti.<\/p>\n<p class=\"MsoNormal\">Ty\u00f6v\u00e4enliikkeen kirjaston Osuustoimintakokoelma perustuu kirjastossa s\u00e4ilytett\u00e4v\u00e4\u00e4n KK:n kirjaston kokoelmaan. Kokoelma sis\u00e4lt\u00e4\u00e4 kattavasti suomalaista edistysmielist\u00e4 osuustoimintaliikett\u00e4, ja sen lis\u00e4ksi my\u00f6s ulkomaista osuustoiminta-aineistoa.<\/p>\n<p><em><strong>OSUUSTOIMINTA<\/strong><\/em> \/ Ty\u00f6v\u00e4enperinne &#8211; Arbetartradition ry, Helsinki 1990.<\/p>\n<p style=\"text-align: center;\"><a href=\"https:\/\/www.tyovaenperinne.fi\/tyovaki\/wp-content\/uploads\/2014\/05\/pakattu-osuustoiminta.jpg\"><img decoding=\"async\" loading=\"lazy\" class=\"aligncenter wp-image-281\" src=\"https:\/\/www.tyovaenperinne.fi\/tyovaki\/wp-content\/uploads\/2014\/05\/pakattu-osuustoiminta.jpg\" alt=\"\" width=\"222\" height=\"333\" srcset=\"https:\/\/www.tyovaenperinne.fi\/tyovaki\/wp-content\/uploads\/2014\/05\/pakattu-osuustoiminta.jpg 299w, https:\/\/www.tyovaenperinne.fi\/tyovaki\/wp-content\/uploads\/2014\/05\/pakattu-osuustoiminta-200x300.jpg 200w\" sizes=\"(max-width: 222px) 100vw, 222px\" \/><\/a><\/p>\n<ul>\n<li>Ty\u00f6v\u00e4enliikkeen kirjaston osuustoimintakirjallisuudesta on tehty painettu luettelo vuonna 1990. Suurin osa t\u00e4st\u00e4 kokoelmasta on per\u00e4isin <a title=\"Kulutusosuuskuntien Keskusliitto\" href=\"https:\/\/fi.wikipedia.org\/wiki\/Elanto\" target=\"_blank\">Kulutusosuuskuntien Keskusliiton<\/a> kirjastosta, mist\u00e4 se on Ty\u00f6v\u00e4en Arkiston kautta siirretty Ty\u00f6v\u00e4enliikkeen kirjastoon.<\/li>\n<\/ul>\n<ul>\n<li>Luettelo sis\u00e4lt\u00e4\u00e4 3585 viitett\u00e4. Mukan on paljon pienpainatteita ja jonkin verran sarjajulkaisuja, jotka on p\u00e4\u00e4osin luetteloitu monografioina. Kokoelman kirjallisuus on melko vanhaa. Suurin osa teoksista on julkaistu 1900-1950 -lukujen v\u00e4liss\u00e4.<\/li>\n<\/ul>\n<ul>\n<li>Kokoelman luokittamiseen on k\u00e4ytetty UDK:n laajaa saksankielist\u00e4 laitosta. Julkaisut on j\u00e4rjestetty maittain ja luokittain. Yksitt\u00e4isen maan aineisto on luokitettu enint\u00e4\u00e4n kolmeentoista alaluokkaan riippuen julkaisujen m\u00e4\u00e4r\u00e4st\u00e4 ja sis\u00e4ll\u00f6st\u00e4. Julkaisut on sijoitettu eri maihin periaatteella &#8221;sis\u00e4lt\u00f6 ratkaisee&#8221;. Esimerkiksi Intiassa julkaistu teos on sijoitettu Ruotsin kohdalle, mik\u00e4li se k\u00e4isttelee enimm\u00e4kseen ruotsalaista osuustoimintaa. Eri maita on yhteens\u00e4 36. Omat luokkansa muodostavat my\u00f6s kansainv\u00e4liset j\u00e4rjest\u00f6t, bibliografiat ja osuustoiminnan teoria. Viimeksi mainittu sis\u00e4lt\u00e4\u00e4 teoreettisten esitysten lis\u00e4ksi paljon sellaisia julkaisuja, jotka k\u00e4sittelev\u00e4t samojen kansien sis\u00e4ll\u00e4 niin monen eri maan osuustoimintaa, ettei niit\u00e4 ole voitu sijoittaa yksitt\u00e4isen maan kohdalle.<\/li>\n<\/ul>\n<ul>\n<li>Osuustoimintaj\u00e4rjest\u00f6jen aineisto on luetteloitu j\u00e4rjest\u00f6itt\u00e4in. Esimerkiksi Suomen osuustoimintaj\u00e4rjest\u00f6jen aineistoa l\u00f6ytyy seuraavasti: 1. <a title=\"Finlands Svenska Andelsf\u00f6rbund\" href=\"https:\/\/www.pellervo.fi\/fsva\/index.htm\" target=\"_blank\">Finlands Svenska Andelsf\u00f6rbund<\/a>, 2. <a title=\"Onnela\" href=\"https:\/\/83.150.100.178\/vanhat\/onnela.htm\" target=\"_blank\">Kulutusosuuskuntien Keskusliitto<\/a>, 3. <a title=\"Osuuskauppaliitot\" href=\"https:\/\/www.pellervo.fi\/kirjasto\/pikkukirjasia_aineisto\/osuuskauppaliikkeen_kehitys.pdf\" target=\"_blank\">Osuuskauppaliitot<\/a>, 4. <a title=\"Pellervo\" href=\"https:\/\/fi.wikipedia.org\/wiki\/Pellervo-Seura\" target=\"_blank\">Pellervo<\/a> jne. J\u00e4rjest\u00f6luokkien sis\u00e4lt\u00f6 on moninainen. Mukana on vuosikirjoja, painettuja p\u00f6yt\u00e4kirjoja, kalentereita, historiikkeja ja lukuisa m\u00e4\u00e4r\u00e4\u00e4 muita j\u00e4rjest\u00f6jen julkaisuja. Saksan osalta on osto- ja myyntiosuuskuntien luokassa tehty samankaltainen ratkaisu kuin j\u00e4rjest\u00f6luokassa siten, ett\u00e4 julkaisut on luetteloitu osuuskunnittain.<\/li>\n<\/ul>\n<ul>\n<li>Kokoelma on j\u00e4rjestetty ja luettelo\u00a0 julkaistu Kuluttajaosuuskuntien Keskusliiton taloudellisella tuella.<\/li>\n<\/ul>\n<ul>\n<li>Kokoelman on Ty\u00f6v\u00e4enliikkeen kirjastossa j\u00e4rjest\u00e4nyt, luokittanut ja luetteloinut Nina Degerstedt.<\/li>\n<\/ul>\n<p><span style=\"color: #800080;\">Kokoelmasta on luetteloitu tietokantaan vain murto-osa. <\/span><\/p>\n<p>LINKKEJ\u00c4 JA L\u00c4HTEIT\u00c4:<\/p>\n<p style=\"padding-left: 60px;\">1) <a title=\"Mit\u00e4 osuustoiminta on?\" href=\"https:\/\/www.palveluosuuskunnat.net\/neuvonta\/osuustoiminta1.htm\" target=\"_blank\">Mit\u00e4 osuustoiminta on?<\/a>. Palveluosuuskunnat.net. Viitattu 7.1.2011.<a title=\"Mit\u00e4 osuustoiminta on?\" href=\"https:\/\/www.palveluosuuskunnat.net\/neuvonta\/osuustoiminta1.htm\" target=\"_blank\"><br \/>\n<\/a><\/p>\n<p style=\"padding-left: 60px;\">2) <a title=\"Osuutoiminnan periaatteet\" href=\"https:\/\/www.sataosaajat.fi\/kehittamiskeskus\/osuustoiminnanpe.html\" target=\"_blank\">Osuutoiminnan periaatteet<\/a>. Sataosaajat.fi. Viitattu 7.1.2011.<a title=\"Mit\u00e4 osuustoiminta on?\" href=\"https:\/\/www.palveluosuuskunnat.net\/neuvonta\/osuustoiminta1.htm\" target=\"_blank\"><br \/>\n<\/a><\/p>\n<p style=\"padding-left: 60px;\">3) <a title=\"Osuuskunta\" href=\"https:\/\/fi.wikipedia.org\/wiki\/Osuuskunta\" target=\"_blank\">Osuuskunta<\/a>. Wikipedia.org. Viitattu 7.1.2011.<\/p>\n<p style=\"padding-left: 60px;\">4) <a title=\"Osuutoiminta\" href=\"https:\/\/www.helsinki.fi\/ruralia\/koulutus\/coop\/Osuustoiminta.pdf\" target=\"_blank\">Osuustoiminta<\/a>. Helsinki.fi. Viitattu 7.1.2011.<\/p>\n<p style=\"padding-left: 60px;\">5) <a title=\"Kansainv\u00e4linen osuustoiminta\" href=\"https:\/\/www.osuustoiminta.coop\/2012\/ica.html\" target=\"_blank\">Kansainv\u00e4linen osuustoiminta<\/a>. Osuustoiminta.coop. Viitattu 7.1.2011.<\/p>\n<p style=\"padding-left: 60px;\">6) <a title=\"KK\" href=\"https:\/\/fi.wikipedia.org\/wiki\/Elanto\" target=\"_blank\">Elanto<\/a>. Wikipedia.org. Viitattu 7.1.2011.<\/p>\n<p>&nbsp;<\/p>\n","protected":false},"excerpt":{"rendered":"<p class=\"excerpt\">Kuvia Osuustoiminnasta &#8212; Ty\u00f6v\u00e4enperinnne ry julkaisi 1990 Osuustoiminta-bibliografian Ty\u00f6v\u00e4enliikkeen kirjastossa olevasta Osuutoimintakokoelmasta. Ohessa bibliografia PDF-muodossa. Osuutoimintakokoelmaluettelo PDF-dokumenteista voi hakea painamalla CTRL + F, jolloin aukeaa valikko, johon voi lis\u00e4t\u00e4 hakusanan. &#8212; Osuustoiminta 1-5) on yhteistoimintamuoto, jonka avulla sen j\u00e4senet toteuttavat yhteisi\u00e4 taloudellisia, sosiaalisia ja kulttuurisia tavoitteitaan.Osuuskunta on yritys, joka tukee j\u00e4sentens\u00e4 elinkeinoa ja taloutta ja muita heid\u00e4n yhteisi\u00e4 tavoitteitaan. Osuuskuntaa &#8230; <a title=\"OSUUSTOIMINTA-kokoelmaluettelo\" class=\"read-more\" href=\"https:\/\/www.tyovaenperinne.fi\/tyovaki\/julkaisutoiminta\/osuustoiminta-kokoelmaluettelo\/\">Read more<\/a><\/p>\n<p class=\"more-link-p\"><a class=\"btn btn-default\" href=\"https:\/\/www.tyovaenperinne.fi\/tyovaki\/julkaisutoiminta\/osuustoiminta-kokoelmaluettelo\/\">Read more<\/a><\/p>\n","protected":false},"author":1,"featured_media":0,"parent":30,"menu_order":0,"comment_status":"closed","ping_status":"closed","template":"","meta":[],"_links":{"self":[{"href":"https:\/\/www.tyovaenperinne.fi\/tyovaki\/wp-json\/wp\/v2\/pages\/34"}],"collection":[{"href":"https:\/\/www.tyovaenperinne.fi\/tyovaki\/wp-json\/wp\/v2\/pages"}],"about":[{"href":"https:\/\/www.tyovaenperinne.fi\/tyovaki\/wp-json\/wp\/v2\/types\/page"}],"author":[{"embeddable":true,"href":"https:\/\/www.tyovaenperinne.fi\/tyovaki\/wp-json\/wp\/v2\/users\/1"}],"replies":[{"embeddable":true,"href":"https:\/\/www.tyovaenperinne.fi\/tyovaki\/wp-json\/wp\/v2\/comments?post=34"}],"version-history":[{"count":10,"href":"https:\/\/www.tyovaenperinne.fi\/tyovaki\/wp-json\/wp\/v2\/pages\/34\/revisions"}],"predecessor-version":[{"id":692,"href":"https:\/\/www.tyovaenperinne.fi\/tyovaki\/wp-json\/wp\/v2\/pages\/34\/revisions\/692"}],"up":[{"embeddable":true,"href":"https:\/\/www.tyovaenperinne.fi\/tyovaki\/wp-json\/wp\/v2\/pages\/30"}],"wp:attachment":[{"href":"https:\/\/www.tyovaenperinne.fi\/tyovaki\/wp-json\/wp\/v2\/media?parent=34"}],"curies":[{"name":"wp","href":"https:\/\/api.w.org\/{rel}","templated":true}]}}