{"id":354,"date":"2014-11-25T16:03:50","date_gmt":"2014-11-25T14:03:50","guid":{"rendered":"http:\/\/www.tyovaenperinne.fi\/tyovaki\/?page_id=354"},"modified":"2019-04-18T09:47:46","modified_gmt":"2019-04-18T07:47:46","slug":"tyovaenliikkeen-kirjaston-kokoelmapolitiikka","status":"publish","type":"page","link":"https:\/\/www.tyovaenperinne.fi\/tyovaki\/tyovaenliikkeen-kirjasto\/tyovaenliikkeen-kirjaston-kokoelmapolitiikka\/","title":{"rendered":"Ty\u00f6v\u00e4enliikkeen kirjaston kokoelmapolitiikka + Tarja Nikanderin opinn\u00e4ytety\u00f6t Ty\u00f6v\u00e4enliikkeen kirjaston alkuvaiheilta"},"content":{"rendered":"<p>Tarja Nikander on tehnyt kaksi Ty\u00f6v\u00e4enliikkeen kirjaston alkuvaiheisiin liittyv\u00e4\u00e4 opinn\u00e4ytety\u00f6t\u00e4. Ne ovat osoittautuneet kantaviksi n\u00e4ihin p\u00e4iviin saakka ja olleet hyv\u00e4 perusta mm. kirjaston kokoelmapolitiittiselle ohjelmalle . Ne ovat ladattavissa my\u00f6s Helsingin yliopiston <a href=\"https:\/\/helda.helsinki.fi\/handle\/10138\/139700\">Helda-julkaisuarkistosta<\/a>.<\/p>\n<ul>\n<li><a href=\"https:\/\/hdl.handle.net\/10138\/177347\"><strong>Selvitys Ty\u00f6v\u00e4enliikkeen kirjaston perustamisesta : l\u00e4ht\u00f6kohdat, toimintaperiaatteet ja teht\u00e4v\u00e4t<\/strong><\/a><\/li>\n<li><strong><a href=\"https:\/\/hdl.handle.net\/10138\/177344\">Arkiston kokoelmasta itsen\u00e4iseksi kirjastoksi : ty\u00f6v\u00e4enliikkeen kirjaston suunnitteluprosessin evaluointi<\/a><\/strong><\/li>\n<\/ul>\n<p>Ty\u00f6v\u00e4enperinne &#8211; Arbetartradition ry hyv\u00e4ksyi kokouksessaan 29.10.2014 Ty\u00f6v\u00e4enliikkeen kokoelmapoliittisen ohjelman.<\/p>\n<ul>\n<li><strong><a href=\"https:\/\/www.tyovaenperinne.fi\/tyovaki\/wp-content\/uploads\/2014\/11\/Kokpol_TY\u00d6V\u00c4ENLIIKKEEN-KIRJASTON-KOKOELMAPOLITIIKKA-hyv\u00e4ksytty-29.10.2014.pdf\">Ty\u00f6v\u00e4enliikkeen kirjaston kokoelmapolitiikka<\/a><\/strong><\/li>\n<\/ul>\n<p><em>Kirjasto ottaa mielell\u00e4\u00e4n vastaan aineistoa, jota kirjaston kokoelmasta puuttuu. Suurten lahjoitusten vastaanottoa pyrit\u00e4\u00e4n rajoittamaan tilojen ja henkil\u00f6st\u00f6resurssien puutteen vuoksi. Toivomme lahjoittajien tarkastavan <a href=\"https:\/\/helka.finna.fi\/\">Helka -tietokannasta <\/a>aineistomme. Kirjastoon voi my\u00f6s l\u00e4hett\u00e4\u00e4 tarkastettavan listan aineistosta, jota toivotaan annettavan lahoituksena.\u00a0<\/em><\/p>\n<p>&nbsp;<\/p>\n<p>Ty\u00f6v\u00e4enliikkeen kirjaston logistinen prosessi eli kirjan kulku kirjastossa:<\/p>\n<ul>\n<li><a href=\"https:\/\/www.tyovaenperinne.fi\/tyovaki\/wp-content\/uploads\/2018\/04\/Ty\u00f6v\u00e4enliikkeen-kirjasto-prosessikuvaus.pdf\"><strong>Ty\u00f6v\u00e4enliikkeen kirjasto prosessikuvaus<\/strong><\/a><\/li>\n<\/ul>\n<p>Organisaation toimintaymp\u00e4rist\u00f6n kehityksen seuraaminen:<\/p>\n<ul>\n<li><strong><a href=\"https:\/\/www.tyovaenperinne.fi\/tyovaki\/wp-content\/uploads\/2018\/04\/Ty\u00f6v\u00e4enliikkeen-kirjasto-toiminnan-analyysi.pdf\">Ty\u00f6v\u00e4enliikkeen kirjasto toiminnan analyysi<\/a><\/strong><\/li>\n<\/ul>\n<p>&nbsp;<\/p>\n","protected":false},"excerpt":{"rendered":"<p class=\"excerpt\">Tarja Nikander on tehnyt kaksi Ty\u00f6v\u00e4enliikkeen kirjaston alkuvaiheisiin liittyv\u00e4\u00e4 opinn\u00e4ytety\u00f6t\u00e4. Ne ovat osoittautuneet kantaviksi n\u00e4ihin p\u00e4iviin saakka ja olleet hyv\u00e4 perusta mm. kirjaston kokoelmapolitiittiselle ohjelmalle . Ne ovat ladattavissa my\u00f6s Helsingin yliopiston Helda-julkaisuarkistosta. Selvitys Ty\u00f6v\u00e4enliikkeen kirjaston perustamisesta : l\u00e4ht\u00f6kohdat, toimintaperiaatteet ja teht\u00e4v\u00e4t Arkiston kokoelmasta itsen\u00e4iseksi kirjastoksi : ty\u00f6v\u00e4enliikkeen kirjaston suunnitteluprosessin evaluointi Ty\u00f6v\u00e4enperinne &#8211; Arbetartradition ry hyv\u00e4ksyi kokouksessaan 29.10.2014 Ty\u00f6v\u00e4enliikkeen kokoelmapoliittisen &#8230; <a title=\"Ty\u00f6v\u00e4enliikkeen kirjaston kokoelmapolitiikka + Tarja Nikanderin opinn\u00e4ytety\u00f6t Ty\u00f6v\u00e4enliikkeen kirjaston alkuvaiheilta\" class=\"read-more\" href=\"https:\/\/www.tyovaenperinne.fi\/tyovaki\/tyovaenliikkeen-kirjasto\/tyovaenliikkeen-kirjaston-kokoelmapolitiikka\/\">Read more<\/a><\/p>\n<p class=\"more-link-p\"><a class=\"btn btn-default\" href=\"https:\/\/www.tyovaenperinne.fi\/tyovaki\/tyovaenliikkeen-kirjasto\/tyovaenliikkeen-kirjaston-kokoelmapolitiikka\/\">Read more<\/a><\/p>\n","protected":false},"author":1,"featured_media":0,"parent":54,"menu_order":0,"comment_status":"closed","ping_status":"closed","template":"","meta":[],"_links":{"self":[{"href":"https:\/\/www.tyovaenperinne.fi\/tyovaki\/wp-json\/wp\/v2\/pages\/354"}],"collection":[{"href":"https:\/\/www.tyovaenperinne.fi\/tyovaki\/wp-json\/wp\/v2\/pages"}],"about":[{"href":"https:\/\/www.tyovaenperinne.fi\/tyovaki\/wp-json\/wp\/v2\/types\/page"}],"author":[{"embeddable":true,"href":"https:\/\/www.tyovaenperinne.fi\/tyovaki\/wp-json\/wp\/v2\/users\/1"}],"replies":[{"embeddable":true,"href":"https:\/\/www.tyovaenperinne.fi\/tyovaki\/wp-json\/wp\/v2\/comments?post=354"}],"version-history":[{"count":11,"href":"https:\/\/www.tyovaenperinne.fi\/tyovaki\/wp-json\/wp\/v2\/pages\/354\/revisions"}],"predecessor-version":[{"id":911,"href":"https:\/\/www.tyovaenperinne.fi\/tyovaki\/wp-json\/wp\/v2\/pages\/354\/revisions\/911"}],"up":[{"embeddable":true,"href":"https:\/\/www.tyovaenperinne.fi\/tyovaki\/wp-json\/wp\/v2\/pages\/54"}],"wp:attachment":[{"href":"https:\/\/www.tyovaenperinne.fi\/tyovaki\/wp-json\/wp\/v2\/media?parent=354"}],"curies":[{"name":"wp","href":"https:\/\/api.w.org\/{rel}","templated":true}]}}