{"id":36,"date":"2011-01-07T17:14:34","date_gmt":"2011-01-07T15:14:34","guid":{"rendered":"http:\/\/tyovaki2011.nettisivu.org\/?page_id=36"},"modified":"2018-12-12T13:02:01","modified_gmt":"2018-12-12T11:02:01","slug":"suomen-sisallissota-1918","status":"publish","type":"page","link":"https:\/\/www.tyovaenperinne.fi\/tyovaki\/tyovaenliikkeen-kirjasto\/suomen-sisallissota-1918\/","title":{"rendered":"Suomen sis\u00e4llissota 1918"},"content":{"rendered":"<div id=\"attachment_490\" style=\"width: 310px\" class=\"wp-caption aligncenter\"><a href=\"https:\/\/www.tyovaenperinne.fi\/tyovaki\/wp-content\/uploads\/2011\/01\/KansA359-1948.-Pahoin-vaurioitunut-Helsingin-ty\u00f6v\u00e4entalo-saksalaisten-pommituksen-j\u00e4lkeen-kev\u00e4\u00e4ll\u00e4-1918.Siltasaari-Helsinki..jpg\"><img aria-describedby=\"caption-attachment-490\" decoding=\"async\" loading=\"lazy\" class=\"size-medium wp-image-490\" src=\"https:\/\/www.tyovaenperinne.fi\/tyovaki\/wp-content\/uploads\/2011\/01\/KansA359-1948.-Pahoin-vaurioitunut-Helsingin-ty\u00f6v\u00e4entalo-saksalaisten-pommituksen-j\u00e4lkeen-kev\u00e4\u00e4ll\u00e4-1918.Siltasaari-Helsinki.-300x247.jpg\" alt=\"Pahoin vaurioitunut Helsingin ty\u00f6v\u00e4entalo Siltasaaressa Helsingiss\u00e4 saksalaisten pommituksten j\u00e4lkeen kev\u00e4\u00e4ll\u00e4 1918\" width=\"300\" height=\"247\" srcset=\"https:\/\/www.tyovaenperinne.fi\/tyovaki\/wp-content\/uploads\/2011\/01\/KansA359-1948.-Pahoin-vaurioitunut-Helsingin-ty\u00f6v\u00e4entalo-saksalaisten-pommituksen-j\u00e4lkeen-kev\u00e4\u00e4ll\u00e4-1918.Siltasaari-Helsinki.-300x247.jpg 300w, https:\/\/www.tyovaenperinne.fi\/tyovaki\/wp-content\/uploads\/2011\/01\/KansA359-1948.-Pahoin-vaurioitunut-Helsingin-ty\u00f6v\u00e4entalo-saksalaisten-pommituksen-j\u00e4lkeen-kev\u00e4\u00e4ll\u00e4-1918.Siltasaari-Helsinki..jpg 408w\" sizes=\"(max-width: 300px) 100vw, 300px\" \/><\/a><p id=\"caption-attachment-490\" class=\"wp-caption-text\">Pahoin vaurioitunut Helsingin ty\u00f6v\u00e4entalo Siltasaaressa Helsingiss\u00e4 saksalaisten pommituksten j\u00e4lkeen kev\u00e4\u00e4ll\u00e4 1918<\/p><\/div>\n<p style=\"text-align: center;\"><a href=\"https:\/\/www.flickr.com\/photos\/tyovaki\/sets\/72157625969952054\/\">Kuvia Suomesta vuonna 1918<\/a><\/p>\n<p><a title=\"Suomen sis\u00e4llissota 1918\" href=\"https:\/\/fi.wikipedia.org\/wiki\/Suomen_sis%C3%A4llissota\" target=\"_blank\" rel=\"noopener\">Suomen sis\u00e4llissota<\/a> 1-3) k\u00e4ytiin Suomen senaatin eli hallituksen (valkoisten) ja sit\u00e4 vastustaneen Suomen kansanvaltuuskunnan (punaisten) johtamien joukkojen v\u00e4lill\u00e4 27.1. \u2013 16.5.1918. Sis\u00e4llissodan katsotaan olleen osa ensimm\u00e4isen maailmansodan aiheuttamaa yhteiskunnallista murrosvaihetta. Suomen sis\u00e4llissota p\u00e4\u00e4ttyi valkoisten voittoon ja vastaavasti punaisten tappioon.<\/p>\n<p>Suomen historian ristiriitaisimpana tapahtumana sis\u00e4llissodan vaikutukset suomalaisiin ja suomalaiseen yhteiskuntaan ovat olleet pitk\u00e4kestoiset. Molemmat sodanosapuolet syyllistiv\u00e4t poliittiseen terroriin ja raakuuksiin. Punaisia tai punaisiksi ep\u00e4iltyj\u00e4 vangittiin laajamittaisesti sek\u00e4 sodan aikana ett\u00e4 sen j\u00e4lkeen. Sis\u00e4llissodan noin 37\u00a0000 uhrista noin 75 prosenttia on punaisia. Eniten heit\u00e4 menehtyi sodan p\u00e4\u00e4tytty\u00e4 perustetuilla vankileireill\u00e4 ja teloituksissa sodan aikana. Terrorin aikana surmattiin my\u00f6s suomalaisia valkoisia ja Ven\u00e4j\u00e4n kansalaisia. Muita uhreja ovat taisteluissa kaatuneet valkoiset sek\u00e4 saksalaiset ett\u00e4 ven\u00e4l\u00e4iset sotilaat.<\/p>\n<p>Suomen kansan kahtiajako syventyi sis\u00e4llissodan aikana, josta eheytyminen on vienyt pitk\u00e4\u00e4n. Sit\u00e4 osoittanee my\u00f6s se, ett\u00e4 sis\u00e4llissodasta k\u00e4ytetyt erilaiset nimitykset, esimerkiksi vapaussota, kansalaissota\u2026 sen mukaan kummalta puolelta on asioita katsellut. Vuonna 2018 Suomen sis\u00e4llissodasta tulee kuluneeksi sata vuotta. Se on lis\u00e4nnyt my\u00f6s nykytutkijoiden kiinnostusta asiaan. Ty\u00f6v\u00e4enliikkeen kirjaston kokoelmissa on harvinaisiakin teoksia sodasta. P\u00e4\u00e4osin ne k\u00e4sittelev\u00e4t asioita punaisten n\u00e4k\u00f6kulmasta, mutta joukossa on my\u00f6s valkoisen osapuolen julkaisemia teoksia.<\/p>\n<p>Ty\u00f6v\u00e4enliikkeen kirjastossa sijaitsevasta Suomen sis\u00e4llissota 1918 kokoelmasta ei ole tehty painettua julkaistuluetteloa, mutta se l\u00f6ytyy esimerkiksi Helsingin yliopiston kirjaston <a href=\"https:\/\/helka.finna.fi\/\">Helka-tietokannasta<\/a> perushaun sijaintihaulla <span style=\"color: #800080;\">TYL Kirjasto 323.2 (480)?<\/span> (HUOMAA! kysymysmerkki on katkaisumerkki, jolloin saa koko aineiston n\u00e4kyviin).<\/p>\n<p>Kansalaissota-aineistoa on my\u00f6s digioitu Helsingin yliopiston kirjaston digitaaliseen <a href=\"https:\/\/helda.helsinki.fi\/handle\/10138\/139701\" target=\"_blank\" rel=\"noopener\">Helda-julkaisuarkistoon<\/a>. T\u00e4m\u00e4 aineisto on ensisijaisesti Ty\u00f6v\u00e4enliikkeen kirjastossa s\u00e4ilytett\u00e4vi\u00e4 pienpainatteita.<\/p>\n<p>My\u00f6s <a href=\"https:\/\/www.doria.fi\/handle\/10024\/111871\" target=\"_blank\" rel=\"noopener\">Kansalliskirjaston vuosien 1917 ja 1918<\/a> aineistoja l\u00f6ytyy digitoituna.<\/p>\n<p>Kokoelma on my\u00f6s luetteloitu tietokantaan bibliografiana, ja se l\u00f6ytyy Helka-haun tarkennetulla haulla <span style=\"color: #800080;\">tvasen, SUOMI 1918?<\/span> (?=katkaisumerkki). Katkaisumerkki on tarpeen, koska vuoden 1918 merkinn\u00e4n j\u00e4lkeen on merkitty teoksen julkaisuvuosi.<\/p>\n<p>Suomen sis\u00e4llissotaa koskevan aineiston luettelointikaava:<\/p>\n<p style=\"padding-left: 30px;\"><span style=\"color: #800080;\">323.2 luokkataistelu, vallankumoukset, kapinat, vapautusliikkeet<\/span><\/p>\n<p style=\"padding-left: 60px;\"><span style=\"color: #800080;\">323.2 (480) Suomen sis\u00e4llissota 1918<\/span><\/p>\n<p style=\"padding-left: 30px;\"><!-- [if gte mso 9]&gt; 800x600 &lt;![endif]--><!-- [if gte mso 9]&gt; Normal 0 21 false false false FI X-NONE X-NONE MicrosoftInternetExplorer4 &lt;![endif]--><!-- [if gte mso 9]&gt; &lt;![endif]--><!-- [if gte mso 10]&gt;--><\/p>\n<p>LINKKEJ\u00c4 JA L\u00c4HTEIT\u00c4:<\/p>\n<p style=\"padding-left: 60px;\">1.<a title=\"Suomen sis\u00e4llissota 1918\" href=\"https:\/\/wapedia.mobi\/fi\/Suomen_sis%C3%A4llissota\" target=\"_blank\" rel=\"noopener\"> Suomen sis\u00e4llissota <\/a>. Viitattu 7.1.2011.<a title=\"Suomen sis\u00e4llissota 1918\" href=\"https:\/\/wapedia.mobi\/fi\/Suomen_sis%C3%A4llissota\" target=\"_blank\" rel=\"noopener\"><br \/>\n<\/a><\/p>\n<p style=\"padding-left: 60px;\">2. <a title=\"Suomen sis\u00e4llissota\" href=\"https:\/\/www.palasuomenhistoriaa.net\/?Suomen_historian_k%E4%E4nnekohtia:Sis%E4llissota_1918_ja_Suomen_armeijan_synty\" target=\"_blank\" rel=\"noopener\">Suomen sis\u00e4llissota<\/a>. Viitattu 7.1.2011.<a title=\"Suomen sis\u00e4llissota 1918\" href=\"https:\/\/wapedia.mobi\/fi\/Suomen_sis%C3%A4llissota\" target=\"_blank\" rel=\"noopener\"><br \/>\n<\/a><\/p>\n<p style=\"padding-left: 60px;\">3. <a title=\"Sis\u00e4llissodan monet nimet\" href=\"https:\/\/www.mil.fi\/ruotuvaki\/?action=read_page&amp;pid=114&amp;aid=1892\" target=\"_blank\" rel=\"noopener\">Suomen sis\u00e4llissodan monet nimet<\/a>. Viitattu 7.1.2011.<a title=\"Suomen sis\u00e4llissota 1918\" href=\"https:\/\/wapedia.mobi\/fi\/Suomen_sis%C3%A4llissota\" target=\"_blank\" rel=\"noopener\"><br \/>\n<\/a><\/p>\n","protected":false},"excerpt":{"rendered":"<p class=\"excerpt\">Kuvia Suomesta vuonna 1918 Suomen sis\u00e4llissota 1-3) k\u00e4ytiin Suomen senaatin eli hallituksen (valkoisten) ja sit\u00e4 vastustaneen Suomen kansanvaltuuskunnan (punaisten) johtamien joukkojen v\u00e4lill\u00e4 27.1. \u2013 16.5.1918. Sis\u00e4llissodan katsotaan olleen osa ensimm\u00e4isen maailmansodan aiheuttamaa yhteiskunnallista murrosvaihetta. Suomen sis\u00e4llissota p\u00e4\u00e4ttyi valkoisten voittoon ja vastaavasti punaisten tappioon. Suomen historian ristiriitaisimpana tapahtumana sis\u00e4llissodan vaikutukset suomalaisiin ja suomalaiseen yhteiskuntaan ovat olleet pitk\u00e4kestoiset. Molemmat sodanosapuolet syyllistiv\u00e4t poliittiseen &#8230; <a title=\"Suomen sis\u00e4llissota 1918\" class=\"read-more\" href=\"https:\/\/www.tyovaenperinne.fi\/tyovaki\/tyovaenliikkeen-kirjasto\/suomen-sisallissota-1918\/\">Read more<\/a><\/p>\n<p class=\"more-link-p\"><a class=\"btn btn-default\" href=\"https:\/\/www.tyovaenperinne.fi\/tyovaki\/tyovaenliikkeen-kirjasto\/suomen-sisallissota-1918\/\">Read more<\/a><\/p>\n","protected":false},"author":1,"featured_media":0,"parent":54,"menu_order":0,"comment_status":"closed","ping_status":"closed","template":"","meta":[],"_links":{"self":[{"href":"https:\/\/www.tyovaenperinne.fi\/tyovaki\/wp-json\/wp\/v2\/pages\/36"}],"collection":[{"href":"https:\/\/www.tyovaenperinne.fi\/tyovaki\/wp-json\/wp\/v2\/pages"}],"about":[{"href":"https:\/\/www.tyovaenperinne.fi\/tyovaki\/wp-json\/wp\/v2\/types\/page"}],"author":[{"embeddable":true,"href":"https:\/\/www.tyovaenperinne.fi\/tyovaki\/wp-json\/wp\/v2\/users\/1"}],"replies":[{"embeddable":true,"href":"https:\/\/www.tyovaenperinne.fi\/tyovaki\/wp-json\/wp\/v2\/comments?post=36"}],"version-history":[{"count":5,"href":"https:\/\/www.tyovaenperinne.fi\/tyovaki\/wp-json\/wp\/v2\/pages\/36\/revisions"}],"predecessor-version":[{"id":491,"href":"https:\/\/www.tyovaenperinne.fi\/tyovaki\/wp-json\/wp\/v2\/pages\/36\/revisions\/491"}],"up":[{"embeddable":true,"href":"https:\/\/www.tyovaenperinne.fi\/tyovaki\/wp-json\/wp\/v2\/pages\/54"}],"wp:attachment":[{"href":"https:\/\/www.tyovaenperinne.fi\/tyovaki\/wp-json\/wp\/v2\/media?parent=36"}],"curies":[{"name":"wp","href":"https:\/\/api.w.org\/{rel}","templated":true}]}}