{"id":38,"date":"2011-01-07T20:38:20","date_gmt":"2011-01-07T18:38:20","guid":{"rendered":"http:\/\/tyovaki2011.nettisivu.org\/?page_id=38"},"modified":"2019-04-18T10:56:39","modified_gmt":"2019-04-18T08:56:39","slug":"pohjoismaiset-yhteistyokumppanit","status":"publish","type":"page","link":"https:\/\/www.tyovaenperinne.fi\/tyovaki\/muut-tyovaenperinnelaitokset-suomessa\/pohjoismaiset-yhteistyokumppanit\/","title":{"rendered":"Pohjoismaiset yhteisty\u00f6kumppanit"},"content":{"rendered":"<p>Ty\u00f6v\u00e4enperinne &#8211; Arbetartradition ry:n ja Ty\u00f6v\u00e4enliikkeen kirjaston yhteisty\u00f6 Norjan, Ruotsin ja Tanskan ty\u00f6v\u00e4enliikkeen arkistojen ja kirjastojen kanssa on sujunut erilaisissa tapaamisissa ja yhteispohjoismaisissa seminaareissa.<\/p>\n<p>&nbsp;<\/p>\n<p>LINKKEJ\u00c4:<\/p>\n<p><a title=\"Arbetarr\u00f6relsens arkiv och bibliotek\" href=\"https:\/\/www.arbark.se\/\" target=\"_blank\" rel=\"noopener noreferrer\">Arbetarr\u00f6relsens arkiv och bibliotek<\/a>, Tukholma, Ruotsi<\/p>\n<p><a title=\"Arbejdermuseet &amp; Arbejderbev\u00e6gelsens Bibliotek og Arkiv\" href=\"https:\/\/www.arbejdermuseet.dk\/\" target=\"_blank\" rel=\"noopener noreferrer\">Arbejdermuseet &amp; Arbejderbev\u00e6gelsens Bibliotek og Arkiv<\/a>, K\u00f6\u00f6penhamina, Tanska<\/p>\n<p><a title=\"Arbeiderbevegelsens arkiv og bibliotek\" href=\"https:\/\/www.arbark.no\/\" target=\"_blank\" rel=\"noopener noreferrer\">Arbeiderbevegelsens arkiv og bibliotek<\/a>, Oslo, Norja<\/p>\n","protected":false},"excerpt":{"rendered":"<p class=\"excerpt\">Ty\u00f6v\u00e4enperinne &#8211; Arbetartradition ry:n ja Ty\u00f6v\u00e4enliikkeen kirjaston yhteisty\u00f6 Norjan, Ruotsin ja Tanskan ty\u00f6v\u00e4enliikkeen arkistojen ja kirjastojen kanssa on sujunut erilaisissa tapaamisissa ja yhteispohjoismaisissa seminaareissa. &nbsp; LINKKEJ\u00c4: Arbetarr\u00f6relsens arkiv och bibliotek, Tukholma, Ruotsi Arbejdermuseet &amp; Arbejderbev\u00e6gelsens Bibliotek og Arkiv, K\u00f6\u00f6penhamina, Tanska Arbeiderbevegelsens arkiv og bibliotek, Oslo, Norja<\/p>\n<p class=\"more-link-p\"><a class=\"btn btn-default\" href=\"https:\/\/www.tyovaenperinne.fi\/tyovaki\/muut-tyovaenperinnelaitokset-suomessa\/pohjoismaiset-yhteistyokumppanit\/\">Read more<\/a><\/p>\n","protected":false},"author":1,"featured_media":0,"parent":13,"menu_order":7,"comment_status":"closed","ping_status":"closed","template":"","meta":[],"_links":{"self":[{"href":"https:\/\/www.tyovaenperinne.fi\/tyovaki\/wp-json\/wp\/v2\/pages\/38"}],"collection":[{"href":"https:\/\/www.tyovaenperinne.fi\/tyovaki\/wp-json\/wp\/v2\/pages"}],"about":[{"href":"https:\/\/www.tyovaenperinne.fi\/tyovaki\/wp-json\/wp\/v2\/types\/page"}],"author":[{"embeddable":true,"href":"https:\/\/www.tyovaenperinne.fi\/tyovaki\/wp-json\/wp\/v2\/users\/1"}],"replies":[{"embeddable":true,"href":"https:\/\/www.tyovaenperinne.fi\/tyovaki\/wp-json\/wp\/v2\/comments?post=38"}],"version-history":[{"count":5,"href":"https:\/\/www.tyovaenperinne.fi\/tyovaki\/wp-json\/wp\/v2\/pages\/38\/revisions"}],"predecessor-version":[{"id":922,"href":"https:\/\/www.tyovaenperinne.fi\/tyovaki\/wp-json\/wp\/v2\/pages\/38\/revisions\/922"}],"up":[{"embeddable":true,"href":"https:\/\/www.tyovaenperinne.fi\/tyovaki\/wp-json\/wp\/v2\/pages\/13"}],"wp:attachment":[{"href":"https:\/\/www.tyovaenperinne.fi\/tyovaki\/wp-json\/wp\/v2\/media?parent=38"}],"curies":[{"name":"wp","href":"https:\/\/api.w.org\/{rel}","templated":true}]}}