{"id":54,"date":"2011-01-25T20:44:17","date_gmt":"2011-01-25T18:44:17","guid":{"rendered":"http:\/\/tyovaki2011.nettisivu.org\/?page_id=54"},"modified":"2019-04-17T14:17:58","modified_gmt":"2019-04-17T12:17:58","slug":"tyovaenliikkeen-kirjasto","status":"publish","type":"page","link":"https:\/\/www.tyovaenperinne.fi\/tyovaki\/tyovaenliikkeen-kirjasto\/","title":{"rendered":"TY\u00d6V\u00c4ENLIIKKEEN KIRJASTO"},"content":{"rendered":"<p>T\u00e4st\u00e4 linkist\u00e4 p\u00e4\u00e4set<\/p>\n<p><a href=\"https:\/\/www.tyovaenperinne.fi\"><strong>Ty\u00f6v\u00e4enliikkeen kirjaston kotisivulle<\/strong><strong>.<\/strong><\/a><\/p>\n<p>Ty\u00f6v\u00e4enliikkeen kirjastossa s\u00e4ilytet\u00e4\u00e4n ty\u00f6v\u00e4enperinneaineistoa.<\/p>\n<p style=\"text-align: left; padding-left: 30px;\">Kirja- ja pienpainatekokoelman t\u00e4rkeimpi\u00e4 osia ovat ty\u00f6v\u00e4enliikkeen ja ammattiyhdistysliikkeen j\u00e4rjest\u00f6jen aineistot, ideologinen kirjallisuus, henkil\u00f6historia, osuustoiminta, liiketoiminta ja ty\u00f6v\u00e4enkulttuuri (n\u00e4ytt\u00e4m\u00f6toiminta, musiikki, urheilu, sivistysty\u00f6, lehdist\u00f6 ja kaunokirjallisuus). Kokoelmaan sis\u00e4ltyy my\u00f6s mm. ty\u00f6el\u00e4m\u00e4\u00e4 k\u00e4sittelev\u00e4\u00e4 kirjallisuutta ja yleist\u00e4 poliittista ja historiallista kirjallisuutta.<\/p>\n<p style=\"text-align: left; padding-left: 30px;\">Lehtikokoelma muodostuu etup\u00e4\u00e4ss\u00e4 ty\u00f6v\u00e4enliikkeen j\u00e4rjest\u00f6jen lehdist\u00e4 ja tieteellisist\u00e4 aikakauslehdist\u00e4, nimekkeit\u00e4 on n. 5000. Videokokoelmassa on p\u00e4\u00e4osin suomalaista ty\u00f6v\u00e4enliikett\u00e4 k\u00e4sittelevi\u00e4 elokuvia, nimekkeit\u00e4 on n. 180. Kirjastossa on my\u00f6s erillinen ven\u00e4j\u00e4nkielisen kirjallisuuden ja lehtien kokoelma.<\/p>\n<p style=\"text-align: left; padding-left: 30px;\">Hankinta nykyisell\u00e4\u00e4n painottuu erityisesti yhteiskunta- ja historiatieteelliseen kirjallisuuteen ja tietysti ty\u00f6v\u00e4est\u00f6n ja ty\u00f6v\u00e4enliikkeen historiaan liittyv\u00e4\u00e4n kirjallisuuteen eri tieteen aloilla. Kokoelma karttuu vuosittain n. 2000 nimekkeell\u00e4.<\/p>\n<p><a href=\"https:\/\/www.tyovaenperinne.fi\/?page_id=25\"><strong>Kirjaston yhteystiedot.<\/strong><\/a><\/p>\n<div>\n<p>&nbsp;<\/p>\n<p><strong><span style=\"color: #800080;\">TY\u00d6V\u00c4ENLIIKKEEN KIRJASTON JOHTOS\u00c4\u00c4NT\u00d6<\/span><\/strong><\/p>\n<\/div>\n<p>Hyv\u00e4ksytty Ty\u00f6v\u00e4enperinne &#8211; Arbetartradition ry:n hallituksen kokouksessa 15.5.1986<\/p>\n<p>&nbsp;<\/p>\n<p style=\"text-align: center;\"><strong>1 \u00a7<\/strong><\/p>\n<p style=\"text-align: left;\">Ty\u00f6v\u00e4enliikkeen kirjastoa yll\u00e4pit\u00e4\u00e4 Ty\u00f6v\u00e4enperinne &#8211; Arbetartradition ry, jonka hallitus yhdess\u00e4 kirjastonjohtajan kanssa vastaa kirjaston hallinnosta ja toiminnasta.<\/p>\n<p style=\"text-align: center;\"><strong>2 \u00a7<\/strong><\/p>\n<p style=\"text-align: left;\">Ty\u00f6v\u00e4enliikkeen kirjasto on tieteellinen erikoiskirjasto, jonka k\u00e4ytt\u00f6oikeus on kaikilla alan kirjallisuutta tarvitseville.<\/p>\n<p style=\"text-align: center;\"><strong>3 \u00a7<\/strong><\/p>\n<p style=\"text-align: left;\">Kirjaston teht\u00e4v\u00e4n\u00e4 on:<\/p>\n<p style=\"text-align: left;\">-toimia ty\u00f6v\u00e4est\u00f6n ja ty\u00f6v\u00e4enliikkeen historian erikoiskirjastona, jolloin se hankkii ja asettaa k\u00e4ytett\u00e4v\u00e4ksi kirjallisuutta ja muuta aineistoa t\u00e4lt\u00e4 alueelta hankintakohteinaan erityisesti poliittinen historia, sosiaali- ja taloushistoria sek\u00e4 kulttuurihistoria<\/p>\n<p style=\"text-align: left;\">-hoitaa ja saattaa k\u00e4ytt\u00f6kuntoon Ty\u00f6v\u00e4en Arkistosta ja Kansan Arkistosta siirretyt kokoelmat<\/p>\n<p style=\"text-align: left;\">-palvella kehysorganisaationsa (Ty\u00f6v\u00e4enperinne &#8211; Arbetartradition ry ja sen j\u00e4senyhteis\u00f6t) tiedontarpeita, jolloin kirjasto hankkii ja asettaa k\u00e4ytett\u00e4v\u00e4ksi ty\u00f6el\u00e4m\u00e4\u00e4 ja yhteiskunnan muuttumista k\u00e4sittelev\u00e4\u00e4 kirjallisuutta<\/p>\n<p style=\"text-align: left;\">-suorittaa my\u00f6s muuta kirjastopalvelua (paikallis- ja kaukolainaus, neuvonta ja tietopalvelu) sek\u00e4 toimia neuvovana ja koordinoivana yksikk\u00f6n\u00e4 kehysorganisaationsa muille kirjastoille (opistojen ja liittojen kirjastot)<\/p>\n<p style=\"text-align: center;\"><strong>4 \u00a7<\/strong><\/p>\n<p style=\"text-align: left;\">Kirjaston johtokuntana toimii Ty\u00f6v\u00e4enperinne &#8211; Arbetartradition ry:n hallitus, jossa kirjastoasiain esittelij\u00e4n\u00e4 toimii kirjastonjohtaja.<\/p>\n<p style=\"text-align: left;\">Johtokunnan teht\u00e4v\u00e4n\u00e4 on:<\/p>\n<p style=\"text-align: left;\">-valvoa kirjaston toimintaa<\/p>\n<p style=\"text-align: left;\">-p\u00e4\u00e4tt\u00e4\u00e4 kirjaston kehitt\u00e4mist\u00e4 koskevat periaatekysymykset<\/p>\n<p style=\"text-align: left;\">-k\u00e4sitell\u00e4 ja hyv\u00e4ksy\u00e4 vuosittain tulo- ja menoarvio sek\u00e4 toimintasuunnitelma<\/p>\n<p style=\"text-align: left;\">-hyv\u00e4ksy\u00e4 kirjaston tili- ja toimintakertomukset<\/p>\n<p style=\"text-align: left;\">-antaa tarkemmat m\u00e4\u00e4r\u00e4ykset kirjaston ty\u00f6n organisoinnista, k\u00e4yt\u00f6st\u00e4 ja aukioloajoista<\/p>\n<p style=\"text-align: left;\">-nimit\u00e4\u00e4 kirjastonjohtaja ja muu henkil\u00f6kunta<\/p>\n<p style=\"text-align: center;\"><strong>5 \u00a7<\/strong><\/p>\n<p style=\"text-align: left;\">Kirjastolla on toimikunta. Toimikuntaan kuuluvat kirjastonjohtaja sek\u00e4 kolme Ty\u00f6v\u00e4enperinne &#8211; Arbetartradition ry:n hallituksen nime\u00e4m\u00e4\u00e4 asiantuntijaj\u00e4sent\u00e4. Toimikunta valitsee keskuudestaan puheenjohtajan ja ottaa itselleen sihteerin kirjaston henkil\u00f6kunnan keskuudesta.<\/p>\n<p style=\"text-align: left;\">Toimikunnan teht\u00e4v\u00e4n\u00e4 on:<\/p>\n<p style=\"text-align: left;\">-yhdess\u00e4 kirjastonjohtajan kanssa vastata kirjaston k\u00e4yt\u00e4nn\u00f6n toiminnasta<\/p>\n<p style=\"text-align: left;\">-suunnitella ja koordinoida kirjaston toimintaa<\/p>\n<p style=\"text-align: left;\">-tehd\u00e4 aloitteita ja esityksi\u00e4 kirjastoa koskevien s\u00e4\u00e4d\u00f6sten muuttamiseksi<\/p>\n<p style=\"text-align: left;\">-antaa tarvittaessa lausuntoja Ty\u00f6v\u00e4enperinne &#8211; Arbetartradition ry:n hallitukselle<\/p>\n<p style=\"text-align: center;\"><strong>6 \u00a7<\/strong><\/p>\n<p style=\"text-align: left;\">Kirjaston toimintaa johtaa ja siit\u00e4 vastaa Ty\u00f6v\u00e4enperinne &#8211; Arbetartradition ry:n hallituksen alaisena toimiva kirjatonjohtaja, jonka teht\u00e4v\u00e4n\u00e4 on:<\/p>\n<p style=\"text-align: left;\">-toimia muun henkil\u00f6kunnan esimiehen\u00e4 ja osallistua kirjaston k\u00e4yt\u00e4nn\u00f6n ty\u00f6h\u00f6n<\/p>\n<p style=\"text-align: left;\">-vastata kirjaston toimintaa koskevien s\u00e4\u00e4nn\u00f6sten ja p\u00e4\u00e4t\u00f6sten noudattamisesta<\/p>\n<p style=\"text-align: left;\">-kehitt\u00e4\u00e4 ja suunnitella kirjaston toimintaa ja tehd\u00e4 yhdess\u00e4 kirjastotoimikunnan kanssa aloitteita toiminnan kehitt\u00e4miseksi<\/p>\n<p style=\"text-align: left;\">-valmistella kirjaston tulo- ja menoarvio<\/p>\n<p style=\"text-align: left;\">-huolehtia kirjaston varojen k\u00e4yt\u00f6st\u00e4 ja hyv\u00e4ksy\u00e4 kirjaston puolesta maksettavat laskut<\/p>\n<p style=\"text-align: left;\">-laatia kirjaston toimintasuunnitelma sek\u00e4 tili- ja toimintakertomukset<\/p>\n<p style=\"text-align: left;\">-osallistua kirjastotoimikunnan ty\u00f6h\u00f6n ja hoitaa kirjastoasioiden esittely Ty\u00f6v\u00e4enperinne &#8211; Arbetartradition ry:n hallitukselle<\/p>\n<p style=\"text-align: left;\">-hoitaa yhteisty\u00f6n organisointia muiden kehysorganisaatioiden kirjastojen kanssa<\/p>\n<p style=\"text-align: center;\"><strong>7 \u00a7<\/strong><\/p>\n<p style=\"text-align: left;\">Kirjaston muu henkil\u00f6kunta hoitaa teht\u00e4vi\u00e4\u00e4n kirjastonjohtajan m\u00e4\u00e4r\u00e4\u00e4m\u00e4ll\u00e4 tavalla.<\/p>\n<p style=\"text-align: left;\">\n<p style=\"text-align: center;\">\n","protected":false},"excerpt":{"rendered":"<p class=\"excerpt\">T\u00e4st\u00e4 linkist\u00e4 p\u00e4\u00e4set Ty\u00f6v\u00e4enliikkeen kirjaston kotisivulle. Ty\u00f6v\u00e4enliikkeen kirjastossa s\u00e4ilytet\u00e4\u00e4n ty\u00f6v\u00e4enperinneaineistoa. Kirja- ja pienpainatekokoelman t\u00e4rkeimpi\u00e4 osia ovat ty\u00f6v\u00e4enliikkeen ja ammattiyhdistysliikkeen j\u00e4rjest\u00f6jen aineistot, ideologinen kirjallisuus, henkil\u00f6historia, osuustoiminta, liiketoiminta ja ty\u00f6v\u00e4enkulttuuri (n\u00e4ytt\u00e4m\u00f6toiminta, musiikki, urheilu, sivistysty\u00f6, lehdist\u00f6 ja kaunokirjallisuus). Kokoelmaan sis\u00e4ltyy my\u00f6s mm. ty\u00f6el\u00e4m\u00e4\u00e4 k\u00e4sittelev\u00e4\u00e4 kirjallisuutta ja yleist\u00e4 poliittista ja historiallista kirjallisuutta. Lehtikokoelma muodostuu etup\u00e4\u00e4ss\u00e4 ty\u00f6v\u00e4enliikkeen j\u00e4rjest\u00f6jen lehdist\u00e4 ja tieteellisist\u00e4 aikakauslehdist\u00e4, nimekkeit\u00e4 on n. &#8230; <a title=\"TY\u00d6V\u00c4ENLIIKKEEN KIRJASTO\" class=\"read-more\" href=\"https:\/\/www.tyovaenperinne.fi\/tyovaki\/tyovaenliikkeen-kirjasto\/\">Read more<\/a><\/p>\n<p class=\"more-link-p\"><a class=\"btn btn-default\" href=\"https:\/\/www.tyovaenperinne.fi\/tyovaki\/tyovaenliikkeen-kirjasto\/\">Read more<\/a><\/p>\n","protected":false},"author":1,"featured_media":0,"parent":0,"menu_order":1,"comment_status":"closed","ping_status":"closed","template":"","meta":[],"_links":{"self":[{"href":"https:\/\/www.tyovaenperinne.fi\/tyovaki\/wp-json\/wp\/v2\/pages\/54"}],"collection":[{"href":"https:\/\/www.tyovaenperinne.fi\/tyovaki\/wp-json\/wp\/v2\/pages"}],"about":[{"href":"https:\/\/www.tyovaenperinne.fi\/tyovaki\/wp-json\/wp\/v2\/types\/page"}],"author":[{"embeddable":true,"href":"https:\/\/www.tyovaenperinne.fi\/tyovaki\/wp-json\/wp\/v2\/users\/1"}],"replies":[{"embeddable":true,"href":"https:\/\/www.tyovaenperinne.fi\/tyovaki\/wp-json\/wp\/v2\/comments?post=54"}],"version-history":[{"count":9,"href":"https:\/\/www.tyovaenperinne.fi\/tyovaki\/wp-json\/wp\/v2\/pages\/54\/revisions"}],"predecessor-version":[{"id":892,"href":"https:\/\/www.tyovaenperinne.fi\/tyovaki\/wp-json\/wp\/v2\/pages\/54\/revisions\/892"}],"wp:attachment":[{"href":"https:\/\/www.tyovaenperinne.fi\/tyovaki\/wp-json\/wp\/v2\/media?parent=54"}],"curies":[{"name":"wp","href":"https:\/\/api.w.org\/{rel}","templated":true}]}}