{"id":60,"date":"2011-02-06T11:13:49","date_gmt":"2011-02-06T09:13:49","guid":{"rendered":"http:\/\/tyovaki2011.nettisivu.org\/?page_id=60"},"modified":"2016-08-25T12:27:45","modified_gmt":"2016-08-25T10:27:45","slug":"kisallit-taltiointi-kisallilaulun-ilta-tapahtumasta","status":"publish","type":"page","link":"https:\/\/www.tyovaenperinne.fi\/tyovaki\/muut-tyovaenperinnelaitokset-suomessa\/kisallit-taltiointi-kisallilaulun-ilta-tapahtumasta\/","title":{"rendered":"KIS\u00c4LLIT &#8211; Taltiointi Kis\u00e4llilaulun ilta -tapahtumasta."},"content":{"rendered":"<p><a href=\"https:\/\/www.flickr.com\/photos\/tyovaki\/5413642577\/\">https:\/\/www.flickr.com\/photos\/tyovaki\/5413642577\/<\/a><\/p>\n<p>KIS\u00c4LLIT &#8211; taltiointi Kis\u00e4llilaulun ilta -tapahtumasta. Musiikkiesityksi\u00e4 ja puheita. Ty\u00f6v\u00e4en Sivistysliiton (TSL) videolahjoitus Ty\u00f6v\u00e4en Arkistolle.<\/p>\n","protected":false},"excerpt":{"rendered":"<p class=\"excerpt\">https:\/\/www.flickr.com\/photos\/tyovaki\/5413642577\/ KIS\u00c4LLIT &#8211; taltiointi Kis\u00e4llilaulun ilta -tapahtumasta. Musiikkiesityksi\u00e4 ja puheita. Ty\u00f6v\u00e4en Sivistysliiton (TSL) videolahjoitus Ty\u00f6v\u00e4en Arkistolle.<\/p>\n<p class=\"more-link-p\"><a class=\"btn btn-default\" href=\"https:\/\/www.tyovaenperinne.fi\/tyovaki\/muut-tyovaenperinnelaitokset-suomessa\/kisallit-taltiointi-kisallilaulun-ilta-tapahtumasta\/\">Read more<\/a><\/p>\n","protected":false},"author":1,"featured_media":0,"parent":13,"menu_order":0,"comment_status":"closed","ping_status":"closed","template":"","meta":[],"_links":{"self":[{"href":"https:\/\/www.tyovaenperinne.fi\/tyovaki\/wp-json\/wp\/v2\/pages\/60"}],"collection":[{"href":"https:\/\/www.tyovaenperinne.fi\/tyovaki\/wp-json\/wp\/v2\/pages"}],"about":[{"href":"https:\/\/www.tyovaenperinne.fi\/tyovaki\/wp-json\/wp\/v2\/types\/page"}],"author":[{"embeddable":true,"href":"https:\/\/www.tyovaenperinne.fi\/tyovaki\/wp-json\/wp\/v2\/users\/1"}],"replies":[{"embeddable":true,"href":"https:\/\/www.tyovaenperinne.fi\/tyovaki\/wp-json\/wp\/v2\/comments?post=60"}],"version-history":[{"count":1,"href":"https:\/\/www.tyovaenperinne.fi\/tyovaki\/wp-json\/wp\/v2\/pages\/60\/revisions"}],"predecessor-version":[{"id":526,"href":"https:\/\/www.tyovaenperinne.fi\/tyovaki\/wp-json\/wp\/v2\/pages\/60\/revisions\/526"}],"up":[{"embeddable":true,"href":"https:\/\/www.tyovaenperinne.fi\/tyovaki\/wp-json\/wp\/v2\/pages\/13"}],"wp:attachment":[{"href":"https:\/\/www.tyovaenperinne.fi\/tyovaki\/wp-json\/wp\/v2\/media?parent=60"}],"curies":[{"name":"wp","href":"https:\/\/api.w.org\/{rel}","templated":true}]}}